{"id":39676,"date":"2022-01-27T22:08:42","date_gmt":"2022-01-27T21:08:42","guid":{"rendered":"https:\/\/www.coquard.fr\/produit\/foncet-pour-moule-058uc-3888"},"modified":"2026-01-08T15:22:17","modified_gmt":"2026-01-08T14:22:17","slug":"foncet-pour-moule-058uc-3888","status":"publish","type":"product","link":"https:\/\/www.coquard.fr\/es\/produit\/foncet-pour-moule-058uc-3888","title":{"rendered":"TAPA PARA MOLDE REF 058UCA DIAMETRO 200 mm"},"content":{"rendered":"<p>Tapa de presi\u00f3n espec\u00edfica para molde St-Nectaire y Tomme Ref. 058UCA. Di\u00e1metro 200 mm, altura 50 mm. Con muesca de sucesi\u00f3n del peso de prensado di\u00e1metro 140 mm. Referencia fabricante: MG 3888.<\/p>\n","protected":false},"excerpt":{"rendered":"<p>39676<\/p>\n","protected":false},"featured_media":13492,"comment_status":"closed","ping_status":"closed","template":"","meta":{"_acf_changed":false},"product_brand":[],"product_cat":[1597],"product_tag":[],"class_list":{"0":"post-39676","1":"product","2":"type-product","3":"status-publish","4":"has-post-thumbnail","6":"product_cat-moldes-de-plastico","8":"first","9":"instock","10":"taxable","11":"shipping-taxable","12":"purchasable","13":"product-type-simple"},"acf":[],"_links":{"self":[{"href":"https:\/\/www.coquard.fr\/es\/wp-json\/wp\/v2\/product\/39676","targetHints":{"allow":["GET"]}}],"collection":[{"href":"https:\/\/www.coquard.fr\/es\/wp-json\/wp\/v2\/product"}],"about":[{"href":"https:\/\/www.coquard.fr\/es\/wp-json\/wp\/v2\/types\/product"}],"replies":[{"embeddable":true,"href":"https:\/\/www.coquard.fr\/es\/wp-json\/wp\/v2\/comments?post=39676"}],"wp:featuredmedia":[{"embeddable":true,"href":"https:\/\/www.coquard.fr\/es\/wp-json\/wp\/v2\/media\/13492"}],"wp:attachment":[{"href":"https:\/\/www.coquard.fr\/es\/wp-json\/wp\/v2\/media?parent=39676"}],"wp:term":[{"taxonomy":"product_brand","embeddable":true,"href":"https:\/\/www.coquard.fr\/es\/wp-json\/wp\/v2\/product_brand?post=39676"},{"taxonomy":"product_cat","embeddable":true,"href":"https:\/\/www.coquard.fr\/es\/wp-json\/wp\/v2\/product_cat?post=39676"},{"taxonomy":"product_tag","embeddable":true,"href":"https:\/\/www.coquard.fr\/es\/wp-json\/wp\/v2\/product_tag?post=39676"}],"curies":[{"name":"wp","href":"https:\/\/api.w.org\/{rel}","templated":true}]}}