{"id":39673,"date":"2022-01-27T22:08:39","date_gmt":"2022-01-27T21:08:39","guid":{"rendered":"https:\/\/www.coquard.fr\/produit\/foncet-pour-moule-058ua-4035"},"modified":"2026-01-08T15:22:14","modified_gmt":"2026-01-08T14:22:14","slug":"foncet-pour-moule-058ua-4035","status":"publish","type":"product","link":"https:\/\/www.coquard.fr\/es\/produit\/foncet-pour-moule-058ua-4035","title":{"rendered":"TAPA PARA MOLDE A TOMME 058UAA"},"content":{"rendered":"<p>Tapa de presi\u00f3n espec\u00edfica para molde Tomme referencia 058UAA. Di\u00e1metro 188 mm, altura 50 mm. Con muesca de sucesi\u00f3n del peso de prensado di\u00e1metro 140 mm. Referencia fabricante MG 4035<\/p>\n","protected":false},"excerpt":{"rendered":"<p>39673<\/p>\n","protected":false},"featured_media":13816,"comment_status":"closed","ping_status":"closed","template":"","meta":{"_acf_changed":false},"product_brand":[],"product_cat":[1597],"product_tag":[],"class_list":{"0":"post-39673","1":"product","2":"type-product","3":"status-publish","4":"has-post-thumbnail","6":"product_cat-moldes-de-plastico","8":"first","9":"instock","10":"taxable","11":"shipping-taxable","12":"purchasable","13":"product-type-simple"},"acf":[],"_links":{"self":[{"href":"https:\/\/www.coquard.fr\/es\/wp-json\/wp\/v2\/product\/39673","targetHints":{"allow":["GET"]}}],"collection":[{"href":"https:\/\/www.coquard.fr\/es\/wp-json\/wp\/v2\/product"}],"about":[{"href":"https:\/\/www.coquard.fr\/es\/wp-json\/wp\/v2\/types\/product"}],"replies":[{"embeddable":true,"href":"https:\/\/www.coquard.fr\/es\/wp-json\/wp\/v2\/comments?post=39673"}],"wp:featuredmedia":[{"embeddable":true,"href":"https:\/\/www.coquard.fr\/es\/wp-json\/wp\/v2\/media\/13816"}],"wp:attachment":[{"href":"https:\/\/www.coquard.fr\/es\/wp-json\/wp\/v2\/media?parent=39673"}],"wp:term":[{"taxonomy":"product_brand","embeddable":true,"href":"https:\/\/www.coquard.fr\/es\/wp-json\/wp\/v2\/product_brand?post=39673"},{"taxonomy":"product_cat","embeddable":true,"href":"https:\/\/www.coquard.fr\/es\/wp-json\/wp\/v2\/product_cat?post=39673"},{"taxonomy":"product_tag","embeddable":true,"href":"https:\/\/www.coquard.fr\/es\/wp-json\/wp\/v2\/product_tag?post=39673"}],"curies":[{"name":"wp","href":"https:\/\/api.w.org\/{rel}","templated":true}]}}