{"id":39658,"date":"2022-01-27T22:08:25","date_gmt":"2022-01-27T21:08:25","guid":{"rendered":"https:\/\/www.coquard.fr\/produit\/moule-tomme-3524"},"modified":"2026-01-08T15:21:54","modified_gmt":"2026-01-08T14:21:54","slug":"moule-tomme-3524","status":"publish","type":"product","link":"https:\/\/www.coquard.fr\/es\/produit\/moule-tomme-3524","title":{"rendered":"MOLDE TMME SIN TAPA DIAM 191\/180 ALTURA 93 mm"},"content":{"rendered":"<p>Molde de pl\u00e1stico alimentario para el moldeo de quesos de tipo Tomme. Se utiliza con la tapa de presi\u00f3n Ref. 058UEA vendida por separado. Di\u00e1metro superior 191 mm, di\u00e1metro inferior 180 mm, altura 93 mm. Puede utilizarse con un distribuidor 043MVA. Referencia fabricante: MG 3524.<\/p>\n","protected":false},"excerpt":{"rendered":"<p>39658<\/p>\n","protected":false},"featured_media":13036,"comment_status":"closed","ping_status":"closed","template":"","meta":{"_acf_changed":false},"product_brand":[],"product_cat":[1597],"product_tag":[],"class_list":{"0":"post-39658","1":"product","2":"type-product","3":"status-publish","4":"has-post-thumbnail","6":"product_cat-moldes-de-plastico","8":"first","9":"instock","10":"taxable","11":"shipping-taxable","12":"purchasable","13":"product-type-simple"},"acf":[],"_links":{"self":[{"href":"https:\/\/www.coquard.fr\/es\/wp-json\/wp\/v2\/product\/39658","targetHints":{"allow":["GET"]}}],"collection":[{"href":"https:\/\/www.coquard.fr\/es\/wp-json\/wp\/v2\/product"}],"about":[{"href":"https:\/\/www.coquard.fr\/es\/wp-json\/wp\/v2\/types\/product"}],"replies":[{"embeddable":true,"href":"https:\/\/www.coquard.fr\/es\/wp-json\/wp\/v2\/comments?post=39658"}],"wp:featuredmedia":[{"embeddable":true,"href":"https:\/\/www.coquard.fr\/es\/wp-json\/wp\/v2\/media\/13036"}],"wp:attachment":[{"href":"https:\/\/www.coquard.fr\/es\/wp-json\/wp\/v2\/media?parent=39658"}],"wp:term":[{"taxonomy":"product_brand","embeddable":true,"href":"https:\/\/www.coquard.fr\/es\/wp-json\/wp\/v2\/product_brand?post=39658"},{"taxonomy":"product_cat","embeddable":true,"href":"https:\/\/www.coquard.fr\/es\/wp-json\/wp\/v2\/product_cat?post=39658"},{"taxonomy":"product_tag","embeddable":true,"href":"https:\/\/www.coquard.fr\/es\/wp-json\/wp\/v2\/product_tag?post=39658"}],"curies":[{"name":"wp","href":"https:\/\/api.w.org\/{rel}","templated":true}]}}