{"id":39640,"date":"2022-01-27T22:08:07","date_gmt":"2022-01-27T21:08:07","guid":{"rendered":"https:\/\/www.coquard.fr\/produit\/moule-edam-gouda-650g-3839"},"modified":"2026-01-08T15:21:31","modified_gmt":"2026-01-08T14:21:31","slug":"moule-edam-gouda-650g-3839","status":"publish","type":"product","link":"https:\/\/www.coquard.fr\/es\/produit\/moule-edam-gouda-650g-3839","title":{"rendered":"MOLDE EDAM 650 g DIAMETRO 105 ALTURA 120 mm"},"content":{"rendered":"<p>Molde de pl\u00e1stico alimentario para el moldeo de quesos de tipo Edam. Molde de forma redonda, tapa de presi\u00f3n vendida por separado. Di\u00e1metro 105 mm, altura 120 mm. Peso aproximado, se proporcionan a t\u00edtulo indicativo. Se utiliza con tapa de presi\u00f3n Ref. 058TBA. Referencia fabricante MG 3839.<\/p>\n","protected":false},"excerpt":{"rendered":"<p>39640<\/p>\n","protected":false},"featured_media":13468,"comment_status":"closed","ping_status":"closed","template":"","meta":{"_acf_changed":false},"product_brand":[],"product_cat":[1597],"product_tag":[],"class_list":{"0":"post-39640","1":"product","2":"type-product","3":"status-publish","4":"has-post-thumbnail","6":"product_cat-moldes-de-plastico","8":"first","9":"instock","10":"taxable","11":"shipping-taxable","12":"purchasable","13":"product-type-simple"},"acf":[],"_links":{"self":[{"href":"https:\/\/www.coquard.fr\/es\/wp-json\/wp\/v2\/product\/39640","targetHints":{"allow":["GET"]}}],"collection":[{"href":"https:\/\/www.coquard.fr\/es\/wp-json\/wp\/v2\/product"}],"about":[{"href":"https:\/\/www.coquard.fr\/es\/wp-json\/wp\/v2\/types\/product"}],"replies":[{"embeddable":true,"href":"https:\/\/www.coquard.fr\/es\/wp-json\/wp\/v2\/comments?post=39640"}],"wp:featuredmedia":[{"embeddable":true,"href":"https:\/\/www.coquard.fr\/es\/wp-json\/wp\/v2\/media\/13468"}],"wp:attachment":[{"href":"https:\/\/www.coquard.fr\/es\/wp-json\/wp\/v2\/media?parent=39640"}],"wp:term":[{"taxonomy":"product_brand","embeddable":true,"href":"https:\/\/www.coquard.fr\/es\/wp-json\/wp\/v2\/product_brand?post=39640"},{"taxonomy":"product_cat","embeddable":true,"href":"https:\/\/www.coquard.fr\/es\/wp-json\/wp\/v2\/product_cat?post=39640"},{"taxonomy":"product_tag","embeddable":true,"href":"https:\/\/www.coquard.fr\/es\/wp-json\/wp\/v2\/product_tag?post=39640"}],"curies":[{"name":"wp","href":"https:\/\/api.w.org\/{rel}","templated":true}]}}