{"id":39625,"date":"2022-01-27T22:07:51","date_gmt":"2022-01-27T21:07:51","guid":{"rendered":"https:\/\/www.coquard.fr\/produit\/moule-roquefort-6015"},"modified":"2026-01-08T15:20:34","modified_gmt":"2026-01-08T14:20:34","slug":"moule-roquefort-6015","status":"publish","type":"product","link":"https:\/\/www.coquard.fr\/es\/produit\/moule-roquefort-6015","title":{"rendered":"MOLDE ROQUEFORT DIAM 202\/187 ALTURA 99 mm"},"content":{"rendered":"<p>Molde de pl\u00e1stico alimentario para el moldeo de quesos de tipo Roquefort. Di\u00e1metro superior 202 mm, di\u00e1metro inferior 187 mm, altura 99 mm. Referencia fabricante: MG 6015.<\/p>\n","protected":false},"excerpt":{"rendered":"<p>39625<\/p>\n","protected":false},"featured_media":12952,"comment_status":"closed","ping_status":"closed","template":"","meta":{"_acf_changed":false},"product_brand":[],"product_cat":[1597],"product_tag":[],"class_list":{"0":"post-39625","1":"product","2":"type-product","3":"status-publish","4":"has-post-thumbnail","6":"product_cat-moldes-de-plastico","8":"first","9":"instock","10":"taxable","11":"shipping-taxable","12":"purchasable","13":"product-type-simple"},"acf":[],"_links":{"self":[{"href":"https:\/\/www.coquard.fr\/es\/wp-json\/wp\/v2\/product\/39625","targetHints":{"allow":["GET"]}}],"collection":[{"href":"https:\/\/www.coquard.fr\/es\/wp-json\/wp\/v2\/product"}],"about":[{"href":"https:\/\/www.coquard.fr\/es\/wp-json\/wp\/v2\/types\/product"}],"replies":[{"embeddable":true,"href":"https:\/\/www.coquard.fr\/es\/wp-json\/wp\/v2\/comments?post=39625"}],"wp:featuredmedia":[{"embeddable":true,"href":"https:\/\/www.coquard.fr\/es\/wp-json\/wp\/v2\/media\/12952"}],"wp:attachment":[{"href":"https:\/\/www.coquard.fr\/es\/wp-json\/wp\/v2\/media?parent=39625"}],"wp:term":[{"taxonomy":"product_brand","embeddable":true,"href":"https:\/\/www.coquard.fr\/es\/wp-json\/wp\/v2\/product_brand?post=39625"},{"taxonomy":"product_cat","embeddable":true,"href":"https:\/\/www.coquard.fr\/es\/wp-json\/wp\/v2\/product_cat?post=39625"},{"taxonomy":"product_tag","embeddable":true,"href":"https:\/\/www.coquard.fr\/es\/wp-json\/wp\/v2\/product_tag?post=39625"}],"curies":[{"name":"wp","href":"https:\/\/api.w.org\/{rel}","templated":true}]}}