{"id":39619,"date":"2022-01-27T22:07:44","date_gmt":"2022-01-27T21:07:44","guid":{"rendered":"https:\/\/www.coquard.fr\/produit\/moule-tommette-750-grs"},"modified":"2026-01-08T15:20:23","modified_gmt":"2026-01-08T14:20:23","slug":"moule-tommette-750-grs","status":"publish","type":"product","link":"https:\/\/www.coquard.fr\/es\/produit\/moule-tommette-750-grs","title":{"rendered":"MOLDE TOMETTE\/GOUDA 800 g CON TAPA DIAM 128 Al 90 mm"},"content":{"rendered":"<p>Molde para queso de pl\u00e1stico alimentario con tapa de presi\u00f3n. Molde con fondo redondeado. Di\u00e1metro superior 128 mm, di\u00e1metro inferior 128 mm, altura 90 mm. Peso del queso aproximado, se proporciona a t\u00edtulo indicativo.<\/p>\n","protected":false},"excerpt":{"rendered":"<p>39619<\/p>\n","protected":false},"featured_media":12943,"comment_status":"closed","ping_status":"closed","template":"","meta":{"_acf_changed":false},"product_brand":[],"product_cat":[1597],"product_tag":[],"class_list":{"0":"post-39619","1":"product","2":"type-product","3":"status-publish","4":"has-post-thumbnail","6":"product_cat-moldes-de-plastico","8":"first","9":"instock","10":"taxable","11":"shipping-taxable","12":"purchasable","13":"product-type-simple"},"acf":[],"yoast_head":"<!-- This site is optimized with the Yoast SEO plugin v27.5 - https:\/\/yoast.com\/product\/yoast-seo-wordpress\/ -->\n<title>MOLDE TOMETTE\/GOUDA 800 g CON TAPA DIAM 128 Al 90 mm - Ets Coquard<\/title>\n<meta name=\"robots\" content=\"index, follow, max-snippet:-1, max-image-preview:large, max-video-preview:-1\" \/>\n<link rel=\"canonical\" href=\"https:\/\/www.coquard.fr\/produit\/moule-tommette-750-grs\" \/>\n<meta property=\"og:locale\" content=\"es_ES\" \/>\n<meta property=\"og:type\" content=\"article\" \/>\n<meta property=\"og:title\" content=\"MOLDE TOMETTE\/GOUDA 800 g CON TAPA DIAM 128 Al 90 mm - Ets Coquard\" \/>\n<meta property=\"og:description\" content=\"39619\" \/>\n<meta property=\"og:url\" content=\"https:\/\/www.coquard.fr\/produit\/moule-tommette-750-grs\" \/>\n<meta property=\"og:site_name\" content=\"Ets Coquard\" \/>\n<meta property=\"article:modified_time\" content=\"2026-01-08T14:20:23+00:00\" \/>\n<meta property=\"og:image\" content=\"https:\/\/www.coquard.fr\/wp-content\/uploads\/058pua-moule-tomette-gouda-800g-avecfoncet-moulesettoiles-photo1.jpeg\" \/>\n\t<meta property=\"og:image:width\" content=\"1000\" \/>\n\t<meta property=\"og:image:height\" content=\"1000\" \/>\n\t<meta property=\"og:image:type\" content=\"image\/jpeg\" \/>\n<meta name=\"twitter:card\" content=\"summary_large_image\" \/>\n<script type=\"application\/ld+json\" class=\"yoast-schema-graph\">{\"@context\":\"https:\\\/\\\/schema.org\",\"@graph\":[{\"@type\":\"WebPage\",\"@id\":\"https:\\\/\\\/www.coquard.fr\\\/produit\\\/moule-tommette-750-grs\",\"url\":\"https:\\\/\\\/www.coquard.fr\\\/produit\\\/moule-tommette-750-grs\",\"name\":\"MOLDE TOMETTE\\\/GOUDA 800 g CON TAPA DIAM 128 Al 90 mm - Ets Coquard\",\"isPartOf\":{\"@id\":\"https:\\\/\\\/www.coquard.fr\\\/#website\"},\"primaryImageOfPage\":{\"@id\":\"https:\\\/\\\/www.coquard.fr\\\/produit\\\/moule-tommette-750-grs#primaryimage\"},\"image\":{\"@id\":\"https:\\\/\\\/www.coquard.fr\\\/produit\\\/moule-tommette-750-grs#primaryimage\"},\"thumbnailUrl\":\"https:\\\/\\\/www.coquard.fr\\\/wp-content\\\/uploads\\\/058pua-moule-tomette-gouda-800g-avecfoncet-moulesettoiles-photo1.jpeg\",\"datePublished\":\"2022-01-27T21:07:44+00:00\",\"dateModified\":\"2026-01-08T14:20:23+00:00\",\"breadcrumb\":{\"@id\":\"https:\\\/\\\/www.coquard.fr\\\/produit\\\/moule-tommette-750-grs#breadcrumb\"},\"inLanguage\":\"es\",\"potentialAction\":[{\"@type\":\"ReadAction\",\"target\":[\"https:\\\/\\\/www.coquard.fr\\\/produit\\\/moule-tommette-750-grs\"]}]},{\"@type\":\"ImageObject\",\"inLanguage\":\"es\",\"@id\":\"https:\\\/\\\/www.coquard.fr\\\/produit\\\/moule-tommette-750-grs#primaryimage\",\"url\":\"https:\\\/\\\/www.coquard.fr\\\/wp-content\\\/uploads\\\/058pua-moule-tomette-gouda-800g-avecfoncet-moulesettoiles-photo1.jpeg\",\"contentUrl\":\"https:\\\/\\\/www.coquard.fr\\\/wp-content\\\/uploads\\\/058pua-moule-tomette-gouda-800g-avecfoncet-moulesettoiles-photo1.jpeg\",\"width\":1000,\"height\":1000},{\"@type\":\"BreadcrumbList\",\"@id\":\"https:\\\/\\\/www.coquard.fr\\\/produit\\\/moule-tommette-750-grs#breadcrumb\",\"itemListElement\":[{\"@type\":\"ListItem\",\"position\":1,\"name\":\"Home\",\"item\":\"https:\\\/\\\/www.coquard.fr\\\/es\"},{\"@type\":\"ListItem\",\"position\":2,\"name\":\"Tienda\",\"item\":\"https:\\\/\\\/www.coquard.fr\\\/es\\\/tienda\"},{\"@type\":\"ListItem\",\"position\":3,\"name\":\"MOLDE TOMETTE\\\/GOUDA 800 g CON TAPA DIAM 128 Al 90 mm\"}]},{\"@type\":\"WebSite\",\"@id\":\"https:\\\/\\\/www.coquard.fr\\\/#website\",\"url\":\"https:\\\/\\\/www.coquard.fr\\\/\",\"name\":\"Ets Coquard\",\"description\":\"Equipements fromagerie fermi\u00e8re\",\"publisher\":{\"@id\":\"https:\\\/\\\/www.coquard.fr\\\/#organization\"},\"potentialAction\":[{\"@type\":\"SearchAction\",\"target\":{\"@type\":\"EntryPoint\",\"urlTemplate\":\"https:\\\/\\\/www.coquard.fr\\\/?s={search_term_string}\"},\"query-input\":{\"@type\":\"PropertyValueSpecification\",\"valueRequired\":true,\"valueName\":\"search_term_string\"}}],\"inLanguage\":\"es\"},{\"@type\":\"Organization\",\"@id\":\"https:\\\/\\\/www.coquard.fr\\\/#organization\",\"name\":\"Coquard\",\"url\":\"https:\\\/\\\/www.coquard.fr\\\/\",\"logo\":{\"@type\":\"ImageObject\",\"inLanguage\":\"es\",\"@id\":\"https:\\\/\\\/www.coquard.fr\\\/#\\\/schema\\\/logo\\\/image\\\/\",\"url\":\"https:\\\/\\\/www.coquard.fr\\\/wp-content\\\/uploads\\\/cropped-logo-coquard-quadri-fond-blanc.png\",\"contentUrl\":\"https:\\\/\\\/www.coquard.fr\\\/wp-content\\\/uploads\\\/cropped-logo-coquard-quadri-fond-blanc.png\",\"width\":1824,\"height\":701,\"caption\":\"Coquard\"},\"image\":{\"@id\":\"https:\\\/\\\/www.coquard.fr\\\/#\\\/schema\\\/logo\\\/image\\\/\"}}]}<\/script>\n<!-- \/ Yoast SEO plugin. -->","yoast_head_json":{"title":"MOLDE TOMETTE\/GOUDA 800 g CON TAPA DIAM 128 Al 90 mm - Ets Coquard","robots":{"index":"index","follow":"follow","max-snippet":"max-snippet:-1","max-image-preview":"max-image-preview:large","max-video-preview":"max-video-preview:-1"},"canonical":"https:\/\/www.coquard.fr\/produit\/moule-tommette-750-grs","og_locale":"es_ES","og_type":"article","og_title":"MOLDE TOMETTE\/GOUDA 800 g CON TAPA DIAM 128 Al 90 mm - Ets Coquard","og_description":"39619","og_url":"https:\/\/www.coquard.fr\/produit\/moule-tommette-750-grs","og_site_name":"Ets Coquard","article_modified_time":"2026-01-08T14:20:23+00:00","og_image":[{"width":1000,"height":1000,"url":"https:\/\/www.coquard.fr\/wp-content\/uploads\/058pua-moule-tomette-gouda-800g-avecfoncet-moulesettoiles-photo1.jpeg","type":"image\/jpeg"}],"twitter_card":"summary_large_image","schema":{"@context":"https:\/\/schema.org","@graph":[{"@type":"WebPage","@id":"https:\/\/www.coquard.fr\/produit\/moule-tommette-750-grs","url":"https:\/\/www.coquard.fr\/produit\/moule-tommette-750-grs","name":"MOLDE TOMETTE\/GOUDA 800 g CON TAPA DIAM 128 Al 90 mm - Ets Coquard","isPartOf":{"@id":"https:\/\/www.coquard.fr\/#website"},"primaryImageOfPage":{"@id":"https:\/\/www.coquard.fr\/produit\/moule-tommette-750-grs#primaryimage"},"image":{"@id":"https:\/\/www.coquard.fr\/produit\/moule-tommette-750-grs#primaryimage"},"thumbnailUrl":"https:\/\/www.coquard.fr\/wp-content\/uploads\/058pua-moule-tomette-gouda-800g-avecfoncet-moulesettoiles-photo1.jpeg","datePublished":"2022-01-27T21:07:44+00:00","dateModified":"2026-01-08T14:20:23+00:00","breadcrumb":{"@id":"https:\/\/www.coquard.fr\/produit\/moule-tommette-750-grs#breadcrumb"},"inLanguage":"es","potentialAction":[{"@type":"ReadAction","target":["https:\/\/www.coquard.fr\/produit\/moule-tommette-750-grs"]}]},{"@type":"ImageObject","inLanguage":"es","@id":"https:\/\/www.coquard.fr\/produit\/moule-tommette-750-grs#primaryimage","url":"https:\/\/www.coquard.fr\/wp-content\/uploads\/058pua-moule-tomette-gouda-800g-avecfoncet-moulesettoiles-photo1.jpeg","contentUrl":"https:\/\/www.coquard.fr\/wp-content\/uploads\/058pua-moule-tomette-gouda-800g-avecfoncet-moulesettoiles-photo1.jpeg","width":1000,"height":1000},{"@type":"BreadcrumbList","@id":"https:\/\/www.coquard.fr\/produit\/moule-tommette-750-grs#breadcrumb","itemListElement":[{"@type":"ListItem","position":1,"name":"Home","item":"https:\/\/www.coquard.fr\/es"},{"@type":"ListItem","position":2,"name":"Tienda","item":"https:\/\/www.coquard.fr\/es\/tienda"},{"@type":"ListItem","position":3,"name":"MOLDE TOMETTE\/GOUDA 800 g CON TAPA DIAM 128 Al 90 mm"}]},{"@type":"WebSite","@id":"https:\/\/www.coquard.fr\/#website","url":"https:\/\/www.coquard.fr\/","name":"Ets Coquard","description":"Equipements fromagerie fermi\u00e8re","publisher":{"@id":"https:\/\/www.coquard.fr\/#organization"},"potentialAction":[{"@type":"SearchAction","target":{"@type":"EntryPoint","urlTemplate":"https:\/\/www.coquard.fr\/?s={search_term_string}"},"query-input":{"@type":"PropertyValueSpecification","valueRequired":true,"valueName":"search_term_string"}}],"inLanguage":"es"},{"@type":"Organization","@id":"https:\/\/www.coquard.fr\/#organization","name":"Coquard","url":"https:\/\/www.coquard.fr\/","logo":{"@type":"ImageObject","inLanguage":"es","@id":"https:\/\/www.coquard.fr\/#\/schema\/logo\/image\/","url":"https:\/\/www.coquard.fr\/wp-content\/uploads\/cropped-logo-coquard-quadri-fond-blanc.png","contentUrl":"https:\/\/www.coquard.fr\/wp-content\/uploads\/cropped-logo-coquard-quadri-fond-blanc.png","width":1824,"height":701,"caption":"Coquard"},"image":{"@id":"https:\/\/www.coquard.fr\/#\/schema\/logo\/image\/"}}]}},"_links":{"self":[{"href":"https:\/\/www.coquard.fr\/es\/wp-json\/wp\/v2\/product\/39619","targetHints":{"allow":["GET"]}}],"collection":[{"href":"https:\/\/www.coquard.fr\/es\/wp-json\/wp\/v2\/product"}],"about":[{"href":"https:\/\/www.coquard.fr\/es\/wp-json\/wp\/v2\/types\/product"}],"replies":[{"embeddable":true,"href":"https:\/\/www.coquard.fr\/es\/wp-json\/wp\/v2\/comments?post=39619"}],"wp:featuredmedia":[{"embeddable":true,"href":"https:\/\/www.coquard.fr\/es\/wp-json\/wp\/v2\/media\/12943"}],"wp:attachment":[{"href":"https:\/\/www.coquard.fr\/es\/wp-json\/wp\/v2\/media?parent=39619"}],"wp:term":[{"taxonomy":"product_brand","embeddable":true,"href":"https:\/\/www.coquard.fr\/es\/wp-json\/wp\/v2\/product_brand?post=39619"},{"taxonomy":"product_cat","embeddable":true,"href":"https:\/\/www.coquard.fr\/es\/wp-json\/wp\/v2\/product_cat?post=39619"},{"taxonomy":"product_tag","embeddable":true,"href":"https:\/\/www.coquard.fr\/es\/wp-json\/wp\/v2\/product_tag?post=39619"}],"curies":[{"name":"wp","href":"https:\/\/api.w.org\/{rel}","templated":true}]}}