{"id":39589,"date":"2022-01-27T22:07:14","date_gmt":"2022-01-27T21:07:14","guid":{"rendered":"https:\/\/www.coquard.fr\/produit\/moule-reblochon-4069"},"modified":"2026-01-08T15:19:19","modified_gmt":"2026-01-08T14:19:19","slug":"moule-reblochon-4069","status":"publish","type":"product","link":"https:\/\/www.coquard.fr\/es\/produit\/moule-reblochon-4069","title":{"rendered":"MOLDE REBLOCHON CON FONDO DIAM 135\/135 Al 65 mm"},"content":{"rendered":"<p>Molde para queso de pl\u00e1stico alimentario. Di\u00e1metro superior 135 mm, di\u00e1metro inferior 135 mm, altura 65 mm. Puede utilizarse con un distribuidor 043MAE. Para el prensado, utilizar una tapa Ref. 058PBA o un disco Ref. 058PEA. Referencia proveedor MG 4069.<\/p>\n","protected":false},"excerpt":{"rendered":"<p>39589<\/p>\n","protected":false},"featured_media":25100,"comment_status":"closed","ping_status":"closed","template":"","meta":{"_acf_changed":false},"product_brand":[],"product_cat":[1597],"product_tag":[],"class_list":{"0":"post-39589","1":"product","2":"type-product","3":"status-publish","4":"has-post-thumbnail","6":"product_cat-moldes-de-plastico","8":"first","9":"instock","10":"taxable","11":"shipping-taxable","12":"purchasable","13":"product-type-simple"},"acf":[],"yoast_head":"<!-- This site is optimized with the Yoast SEO plugin v27.5 - https:\/\/yoast.com\/product\/yoast-seo-wordpress\/ -->\n<title>MOLDE REBLOCHON CON FONDO DIAM 135\/135 Al 65 mm - Ets Coquard<\/title>\n<meta name=\"robots\" content=\"index, follow, max-snippet:-1, max-image-preview:large, max-video-preview:-1\" \/>\n<link rel=\"canonical\" href=\"https:\/\/www.coquard.fr\/produit\/moule-reblochon-4069\" \/>\n<meta property=\"og:locale\" content=\"es_ES\" \/>\n<meta property=\"og:type\" content=\"article\" \/>\n<meta property=\"og:title\" content=\"MOLDE REBLOCHON CON FONDO DIAM 135\/135 Al 65 mm - Ets Coquard\" \/>\n<meta property=\"og:description\" content=\"39589\" \/>\n<meta property=\"og:url\" content=\"https:\/\/www.coquard.fr\/produit\/moule-reblochon-4069\" \/>\n<meta property=\"og:site_name\" content=\"Ets Coquard\" \/>\n<meta property=\"article:modified_time\" content=\"2026-01-08T14:19:19+00:00\" \/>\n<meta property=\"og:image\" content=\"https:\/\/www.coquard.fr\/wp-content\/uploads\/058paa-reblochon-avec-fond-moulesettoiles-photo1.jpeg\" \/>\n\t<meta property=\"og:image:width\" content=\"1000\" \/>\n\t<meta property=\"og:image:height\" content=\"1000\" \/>\n\t<meta property=\"og:image:type\" content=\"image\/jpeg\" \/>\n<meta name=\"twitter:card\" content=\"summary_large_image\" \/>\n<script type=\"application\/ld+json\" class=\"yoast-schema-graph\">{\"@context\":\"https:\\\/\\\/schema.org\",\"@graph\":[{\"@type\":\"WebPage\",\"@id\":\"https:\\\/\\\/www.coquard.fr\\\/produit\\\/moule-reblochon-4069\",\"url\":\"https:\\\/\\\/www.coquard.fr\\\/produit\\\/moule-reblochon-4069\",\"name\":\"MOLDE REBLOCHON CON FONDO DIAM 135\\\/135 Al 65 mm - Ets Coquard\",\"isPartOf\":{\"@id\":\"https:\\\/\\\/www.coquard.fr\\\/#website\"},\"primaryImageOfPage\":{\"@id\":\"https:\\\/\\\/www.coquard.fr\\\/produit\\\/moule-reblochon-4069#primaryimage\"},\"image\":{\"@id\":\"https:\\\/\\\/www.coquard.fr\\\/produit\\\/moule-reblochon-4069#primaryimage\"},\"thumbnailUrl\":\"https:\\\/\\\/www.coquard.fr\\\/wp-content\\\/uploads\\\/058paa-reblochon-avec-fond-moulesettoiles-photo1.jpeg\",\"datePublished\":\"2022-01-27T21:07:14+00:00\",\"dateModified\":\"2026-01-08T14:19:19+00:00\",\"breadcrumb\":{\"@id\":\"https:\\\/\\\/www.coquard.fr\\\/produit\\\/moule-reblochon-4069#breadcrumb\"},\"inLanguage\":\"es\",\"potentialAction\":[{\"@type\":\"ReadAction\",\"target\":[\"https:\\\/\\\/www.coquard.fr\\\/produit\\\/moule-reblochon-4069\"]}]},{\"@type\":\"ImageObject\",\"inLanguage\":\"es\",\"@id\":\"https:\\\/\\\/www.coquard.fr\\\/produit\\\/moule-reblochon-4069#primaryimage\",\"url\":\"https:\\\/\\\/www.coquard.fr\\\/wp-content\\\/uploads\\\/058paa-reblochon-avec-fond-moulesettoiles-photo1.jpeg\",\"contentUrl\":\"https:\\\/\\\/www.coquard.fr\\\/wp-content\\\/uploads\\\/058paa-reblochon-avec-fond-moulesettoiles-photo1.jpeg\",\"width\":1000,\"height\":1000},{\"@type\":\"BreadcrumbList\",\"@id\":\"https:\\\/\\\/www.coquard.fr\\\/produit\\\/moule-reblochon-4069#breadcrumb\",\"itemListElement\":[{\"@type\":\"ListItem\",\"position\":1,\"name\":\"Home\",\"item\":\"https:\\\/\\\/www.coquard.fr\\\/es\"},{\"@type\":\"ListItem\",\"position\":2,\"name\":\"Tienda\",\"item\":\"https:\\\/\\\/www.coquard.fr\\\/es\\\/tienda\"},{\"@type\":\"ListItem\",\"position\":3,\"name\":\"MOLDE REBLOCHON CON FONDO DIAM 135\\\/135 Al 65 mm\"}]},{\"@type\":\"WebSite\",\"@id\":\"https:\\\/\\\/www.coquard.fr\\\/#website\",\"url\":\"https:\\\/\\\/www.coquard.fr\\\/\",\"name\":\"Ets Coquard\",\"description\":\"Equipements fromagerie fermi\u00e8re\",\"publisher\":{\"@id\":\"https:\\\/\\\/www.coquard.fr\\\/#organization\"},\"potentialAction\":[{\"@type\":\"SearchAction\",\"target\":{\"@type\":\"EntryPoint\",\"urlTemplate\":\"https:\\\/\\\/www.coquard.fr\\\/?s={search_term_string}\"},\"query-input\":{\"@type\":\"PropertyValueSpecification\",\"valueRequired\":true,\"valueName\":\"search_term_string\"}}],\"inLanguage\":\"es\"},{\"@type\":\"Organization\",\"@id\":\"https:\\\/\\\/www.coquard.fr\\\/#organization\",\"name\":\"Coquard\",\"url\":\"https:\\\/\\\/www.coquard.fr\\\/\",\"logo\":{\"@type\":\"ImageObject\",\"inLanguage\":\"es\",\"@id\":\"https:\\\/\\\/www.coquard.fr\\\/#\\\/schema\\\/logo\\\/image\\\/\",\"url\":\"https:\\\/\\\/www.coquard.fr\\\/wp-content\\\/uploads\\\/cropped-logo-coquard-quadri-fond-blanc.png\",\"contentUrl\":\"https:\\\/\\\/www.coquard.fr\\\/wp-content\\\/uploads\\\/cropped-logo-coquard-quadri-fond-blanc.png\",\"width\":1824,\"height\":701,\"caption\":\"Coquard\"},\"image\":{\"@id\":\"https:\\\/\\\/www.coquard.fr\\\/#\\\/schema\\\/logo\\\/image\\\/\"}}]}<\/script>\n<!-- \/ Yoast SEO plugin. -->","yoast_head_json":{"title":"MOLDE REBLOCHON CON FONDO DIAM 135\/135 Al 65 mm - Ets Coquard","robots":{"index":"index","follow":"follow","max-snippet":"max-snippet:-1","max-image-preview":"max-image-preview:large","max-video-preview":"max-video-preview:-1"},"canonical":"https:\/\/www.coquard.fr\/produit\/moule-reblochon-4069","og_locale":"es_ES","og_type":"article","og_title":"MOLDE REBLOCHON CON FONDO DIAM 135\/135 Al 65 mm - Ets Coquard","og_description":"39589","og_url":"https:\/\/www.coquard.fr\/produit\/moule-reblochon-4069","og_site_name":"Ets Coquard","article_modified_time":"2026-01-08T14:19:19+00:00","og_image":[{"width":1000,"height":1000,"url":"https:\/\/www.coquard.fr\/wp-content\/uploads\/058paa-reblochon-avec-fond-moulesettoiles-photo1.jpeg","type":"image\/jpeg"}],"twitter_card":"summary_large_image","schema":{"@context":"https:\/\/schema.org","@graph":[{"@type":"WebPage","@id":"https:\/\/www.coquard.fr\/produit\/moule-reblochon-4069","url":"https:\/\/www.coquard.fr\/produit\/moule-reblochon-4069","name":"MOLDE REBLOCHON CON FONDO DIAM 135\/135 Al 65 mm - Ets Coquard","isPartOf":{"@id":"https:\/\/www.coquard.fr\/#website"},"primaryImageOfPage":{"@id":"https:\/\/www.coquard.fr\/produit\/moule-reblochon-4069#primaryimage"},"image":{"@id":"https:\/\/www.coquard.fr\/produit\/moule-reblochon-4069#primaryimage"},"thumbnailUrl":"https:\/\/www.coquard.fr\/wp-content\/uploads\/058paa-reblochon-avec-fond-moulesettoiles-photo1.jpeg","datePublished":"2022-01-27T21:07:14+00:00","dateModified":"2026-01-08T14:19:19+00:00","breadcrumb":{"@id":"https:\/\/www.coquard.fr\/produit\/moule-reblochon-4069#breadcrumb"},"inLanguage":"es","potentialAction":[{"@type":"ReadAction","target":["https:\/\/www.coquard.fr\/produit\/moule-reblochon-4069"]}]},{"@type":"ImageObject","inLanguage":"es","@id":"https:\/\/www.coquard.fr\/produit\/moule-reblochon-4069#primaryimage","url":"https:\/\/www.coquard.fr\/wp-content\/uploads\/058paa-reblochon-avec-fond-moulesettoiles-photo1.jpeg","contentUrl":"https:\/\/www.coquard.fr\/wp-content\/uploads\/058paa-reblochon-avec-fond-moulesettoiles-photo1.jpeg","width":1000,"height":1000},{"@type":"BreadcrumbList","@id":"https:\/\/www.coquard.fr\/produit\/moule-reblochon-4069#breadcrumb","itemListElement":[{"@type":"ListItem","position":1,"name":"Home","item":"https:\/\/www.coquard.fr\/es"},{"@type":"ListItem","position":2,"name":"Tienda","item":"https:\/\/www.coquard.fr\/es\/tienda"},{"@type":"ListItem","position":3,"name":"MOLDE REBLOCHON CON FONDO DIAM 135\/135 Al 65 mm"}]},{"@type":"WebSite","@id":"https:\/\/www.coquard.fr\/#website","url":"https:\/\/www.coquard.fr\/","name":"Ets Coquard","description":"Equipements fromagerie fermi\u00e8re","publisher":{"@id":"https:\/\/www.coquard.fr\/#organization"},"potentialAction":[{"@type":"SearchAction","target":{"@type":"EntryPoint","urlTemplate":"https:\/\/www.coquard.fr\/?s={search_term_string}"},"query-input":{"@type":"PropertyValueSpecification","valueRequired":true,"valueName":"search_term_string"}}],"inLanguage":"es"},{"@type":"Organization","@id":"https:\/\/www.coquard.fr\/#organization","name":"Coquard","url":"https:\/\/www.coquard.fr\/","logo":{"@type":"ImageObject","inLanguage":"es","@id":"https:\/\/www.coquard.fr\/#\/schema\/logo\/image\/","url":"https:\/\/www.coquard.fr\/wp-content\/uploads\/cropped-logo-coquard-quadri-fond-blanc.png","contentUrl":"https:\/\/www.coquard.fr\/wp-content\/uploads\/cropped-logo-coquard-quadri-fond-blanc.png","width":1824,"height":701,"caption":"Coquard"},"image":{"@id":"https:\/\/www.coquard.fr\/#\/schema\/logo\/image\/"}}]}},"_links":{"self":[{"href":"https:\/\/www.coquard.fr\/es\/wp-json\/wp\/v2\/product\/39589","targetHints":{"allow":["GET"]}}],"collection":[{"href":"https:\/\/www.coquard.fr\/es\/wp-json\/wp\/v2\/product"}],"about":[{"href":"https:\/\/www.coquard.fr\/es\/wp-json\/wp\/v2\/types\/product"}],"replies":[{"embeddable":true,"href":"https:\/\/www.coquard.fr\/es\/wp-json\/wp\/v2\/comments?post=39589"}],"wp:featuredmedia":[{"embeddable":true,"href":"https:\/\/www.coquard.fr\/es\/wp-json\/wp\/v2\/media\/25100"}],"wp:attachment":[{"href":"https:\/\/www.coquard.fr\/es\/wp-json\/wp\/v2\/media?parent=39589"}],"wp:term":[{"taxonomy":"product_brand","embeddable":true,"href":"https:\/\/www.coquard.fr\/es\/wp-json\/wp\/v2\/product_brand?post=39589"},{"taxonomy":"product_cat","embeddable":true,"href":"https:\/\/www.coquard.fr\/es\/wp-json\/wp\/v2\/product_cat?post=39589"},{"taxonomy":"product_tag","embeddable":true,"href":"https:\/\/www.coquard.fr\/es\/wp-json\/wp\/v2\/product_tag?post=39589"}],"curies":[{"name":"wp","href":"https:\/\/api.w.org\/{rel}","templated":true}]}}