{"id":39580,"date":"2022-01-27T22:07:05","date_gmt":"2022-01-27T21:07:05","guid":{"rendered":"https:\/\/www.coquard.fr\/produit\/moule-charolais-3412"},"modified":"2026-01-08T15:19:08","modified_gmt":"2026-01-08T14:19:08","slug":"moule-charolais-3412","status":"publish","type":"product","link":"https:\/\/www.coquard.fr\/es\/produit\/moule-charolais-3412","title":{"rendered":"MOLDE CHAROLAIS DIAM 80\/68 ALTURA 125 mm"},"content":{"rendered":"<p>Molde para queso de pl\u00e1stico alimentario. Di\u00e1metro superior 80 mm, di\u00e1metro inferior 68 mm, altura 125 mm. Puede utilizarse con un distribuidor 043MGA. La altura de moldeo puede aumentarse de 50 mm con un realce individual Ref. 058OGA. Referencia fabricante: MG 3412.<\/p>\n","protected":false},"excerpt":{"rendered":"<p>39580<\/p>\n","protected":false},"featured_media":25094,"comment_status":"closed","ping_status":"closed","template":"","meta":{"_acf_changed":false},"product_brand":[],"product_cat":[1597],"product_tag":[],"class_list":{"0":"post-39580","1":"product","2":"type-product","3":"status-publish","4":"has-post-thumbnail","6":"product_cat-moldes-de-plastico","8":"first","9":"instock","10":"taxable","11":"shipping-taxable","12":"purchasable","13":"product-type-simple"},"acf":[],"_links":{"self":[{"href":"https:\/\/www.coquard.fr\/es\/wp-json\/wp\/v2\/product\/39580","targetHints":{"allow":["GET"]}}],"collection":[{"href":"https:\/\/www.coquard.fr\/es\/wp-json\/wp\/v2\/product"}],"about":[{"href":"https:\/\/www.coquard.fr\/es\/wp-json\/wp\/v2\/types\/product"}],"replies":[{"embeddable":true,"href":"https:\/\/www.coquard.fr\/es\/wp-json\/wp\/v2\/comments?post=39580"}],"wp:featuredmedia":[{"embeddable":true,"href":"https:\/\/www.coquard.fr\/es\/wp-json\/wp\/v2\/media\/25094"}],"wp:attachment":[{"href":"https:\/\/www.coquard.fr\/es\/wp-json\/wp\/v2\/media?parent=39580"}],"wp:term":[{"taxonomy":"product_brand","embeddable":true,"href":"https:\/\/www.coquard.fr\/es\/wp-json\/wp\/v2\/product_brand?post=39580"},{"taxonomy":"product_cat","embeddable":true,"href":"https:\/\/www.coquard.fr\/es\/wp-json\/wp\/v2\/product_cat?post=39580"},{"taxonomy":"product_tag","embeddable":true,"href":"https:\/\/www.coquard.fr\/es\/wp-json\/wp\/v2\/product_tag?post=39580"}],"curies":[{"name":"wp","href":"https:\/\/api.w.org\/{rel}","templated":true}]}}