{"id":39538,"date":"2022-01-27T22:06:25","date_gmt":"2022-01-27T21:06:25","guid":{"rendered":"https:\/\/www.coquard.fr\/produit\/moule-buche-3952"},"modified":"2026-01-08T15:18:10","modified_gmt":"2026-01-08T14:18:10","slug":"moule-buche-3952","status":"publish","type":"product","link":"https:\/\/www.coquard.fr\/es\/produit\/moule-buche-3952","title":{"rendered":"MOLDE BUCHE SIN FONDO DIAM 48\/48 ALTURA 200 mm"},"content":{"rendered":"<p>Molde para queso de pl\u00e1stico alimentario. Tubo recto sin fondo para el moldeo de quesos de tipo B\u00fbche de cabra. Di\u00e1metro interior 48 mm, altura 200 mm. Puede utilizarse con un distribuidor 043NJA. Referencia fabricante: MG 3952.<\/p>\n","protected":false},"excerpt":{"rendered":"<p>39538<\/p>\n","protected":false},"featured_media":13375,"comment_status":"closed","ping_status":"closed","template":"","meta":{"_acf_changed":false},"product_brand":[],"product_cat":[1597],"product_tag":[],"class_list":{"0":"post-39538","1":"product","2":"type-product","3":"status-publish","4":"has-post-thumbnail","6":"product_cat-moldes-de-plastico","8":"first","9":"instock","10":"taxable","11":"shipping-taxable","12":"purchasable","13":"product-type-simple"},"acf":[],"_links":{"self":[{"href":"https:\/\/www.coquard.fr\/es\/wp-json\/wp\/v2\/product\/39538","targetHints":{"allow":["GET"]}}],"collection":[{"href":"https:\/\/www.coquard.fr\/es\/wp-json\/wp\/v2\/product"}],"about":[{"href":"https:\/\/www.coquard.fr\/es\/wp-json\/wp\/v2\/types\/product"}],"replies":[{"embeddable":true,"href":"https:\/\/www.coquard.fr\/es\/wp-json\/wp\/v2\/comments?post=39538"}],"wp:featuredmedia":[{"embeddable":true,"href":"https:\/\/www.coquard.fr\/es\/wp-json\/wp\/v2\/media\/13375"}],"wp:attachment":[{"href":"https:\/\/www.coquard.fr\/es\/wp-json\/wp\/v2\/media?parent=39538"}],"wp:term":[{"taxonomy":"product_brand","embeddable":true,"href":"https:\/\/www.coquard.fr\/es\/wp-json\/wp\/v2\/product_brand?post=39538"},{"taxonomy":"product_cat","embeddable":true,"href":"https:\/\/www.coquard.fr\/es\/wp-json\/wp\/v2\/product_cat?post=39538"},{"taxonomy":"product_tag","embeddable":true,"href":"https:\/\/www.coquard.fr\/es\/wp-json\/wp\/v2\/product_tag?post=39538"}],"curies":[{"name":"wp","href":"https:\/\/api.w.org\/{rel}","templated":true}]}}