{"id":39532,"date":"2022-01-27T22:06:19","date_gmt":"2022-01-27T21:06:19","guid":{"rendered":"https:\/\/www.coquard.fr\/produit\/moule-coulommier-sans-fond-3863"},"modified":"2026-01-08T15:17:46","modified_gmt":"2026-01-08T14:17:46","slug":"moule-coulommier-sans-fond-3863","status":"publish","type":"product","link":"https:\/\/www.coquard.fr\/es\/produit\/moule-coulommier-sans-fond-3863","title":{"rendered":"MOLDE COULOMMIER SIN FONDO DIAM 130\/130 Al 111 mm"},"content":{"rendered":"<p>Molde para queso de pl\u00e1stico alimentario. Sin fondo. Di\u00e1metro superior 130 mm, di\u00e1metro inferior 130 mm, altura 111 mm. Referencia fabricante: MG 3863.<\/p>\n","protected":false},"excerpt":{"rendered":"<p>39532<\/p>\n","protected":false},"featured_media":13372,"comment_status":"closed","ping_status":"closed","template":"","meta":{"_acf_changed":false},"product_brand":[],"product_cat":[1597],"product_tag":[],"class_list":{"0":"post-39532","1":"product","2":"type-product","3":"status-publish","4":"has-post-thumbnail","6":"product_cat-moldes-de-plastico","8":"first","9":"instock","10":"taxable","11":"shipping-taxable","12":"purchasable","13":"product-type-simple"},"acf":[],"_links":{"self":[{"href":"https:\/\/www.coquard.fr\/es\/wp-json\/wp\/v2\/product\/39532","targetHints":{"allow":["GET"]}}],"collection":[{"href":"https:\/\/www.coquard.fr\/es\/wp-json\/wp\/v2\/product"}],"about":[{"href":"https:\/\/www.coquard.fr\/es\/wp-json\/wp\/v2\/types\/product"}],"replies":[{"embeddable":true,"href":"https:\/\/www.coquard.fr\/es\/wp-json\/wp\/v2\/comments?post=39532"}],"wp:featuredmedia":[{"embeddable":true,"href":"https:\/\/www.coquard.fr\/es\/wp-json\/wp\/v2\/media\/13372"}],"wp:attachment":[{"href":"https:\/\/www.coquard.fr\/es\/wp-json\/wp\/v2\/media?parent=39532"}],"wp:term":[{"taxonomy":"product_brand","embeddable":true,"href":"https:\/\/www.coquard.fr\/es\/wp-json\/wp\/v2\/product_brand?post=39532"},{"taxonomy":"product_cat","embeddable":true,"href":"https:\/\/www.coquard.fr\/es\/wp-json\/wp\/v2\/product_cat?post=39532"},{"taxonomy":"product_tag","embeddable":true,"href":"https:\/\/www.coquard.fr\/es\/wp-json\/wp\/v2\/product_tag?post=39532"}],"curies":[{"name":"wp","href":"https:\/\/api.w.org\/{rel}","templated":true}]}}