{"id":39484,"date":"2022-01-27T22:05:33","date_gmt":"2022-01-27T21:05:33","guid":{"rendered":"https:\/\/www.coquard.fr\/produit\/moule-chevret-6004"},"modified":"2026-01-08T15:16:50","modified_gmt":"2026-01-08T14:16:50","slug":"moule-chevret-6004","status":"publish","type":"product","link":"https:\/\/www.coquard.fr\/es\/produit\/moule-chevret-6004","title":{"rendered":"MOLDE CHEVRET \u2013 DIAM. 80\/67 ALTURA 96 mm"},"content":{"rendered":"<p>Molde para queso de pl\u00e1stico alimentario. Di\u00e1metro superior 80 mm, di\u00e1metro inferior 67 mm, altura 96 mm. Puede utilizarse con un distribuidor 043MRA. La altura de moldeo puede aumentarse de 50 mm con un realce individual Ref. 058OGA. Referencia fabricante: MG 6004.<\/p>\n","protected":false},"excerpt":{"rendered":"<p>39484<\/p>\n","protected":false},"featured_media":25043,"comment_status":"closed","ping_status":"closed","template":"","meta":{"_acf_changed":false},"product_brand":[],"product_cat":[1597],"product_tag":[],"class_list":{"0":"post-39484","1":"product","2":"type-product","3":"status-publish","4":"has-post-thumbnail","6":"product_cat-moldes-de-plastico","8":"first","9":"instock","10":"taxable","11":"shipping-taxable","12":"purchasable","13":"product-type-simple"},"acf":[],"_links":{"self":[{"href":"https:\/\/www.coquard.fr\/es\/wp-json\/wp\/v2\/product\/39484","targetHints":{"allow":["GET"]}}],"collection":[{"href":"https:\/\/www.coquard.fr\/es\/wp-json\/wp\/v2\/product"}],"about":[{"href":"https:\/\/www.coquard.fr\/es\/wp-json\/wp\/v2\/types\/product"}],"replies":[{"embeddable":true,"href":"https:\/\/www.coquard.fr\/es\/wp-json\/wp\/v2\/comments?post=39484"}],"wp:featuredmedia":[{"embeddable":true,"href":"https:\/\/www.coquard.fr\/es\/wp-json\/wp\/v2\/media\/25043"}],"wp:attachment":[{"href":"https:\/\/www.coquard.fr\/es\/wp-json\/wp\/v2\/media?parent=39484"}],"wp:term":[{"taxonomy":"product_brand","embeddable":true,"href":"https:\/\/www.coquard.fr\/es\/wp-json\/wp\/v2\/product_brand?post=39484"},{"taxonomy":"product_cat","embeddable":true,"href":"https:\/\/www.coquard.fr\/es\/wp-json\/wp\/v2\/product_cat?post=39484"},{"taxonomy":"product_tag","embeddable":true,"href":"https:\/\/www.coquard.fr\/es\/wp-json\/wp\/v2\/product_tag?post=39484"}],"curies":[{"name":"wp","href":"https:\/\/api.w.org\/{rel}","templated":true}]}}