{"id":39472,"date":"2022-01-27T22:05:22","date_gmt":"2022-01-27T21:05:22","guid":{"rendered":"https:\/\/www.coquard.fr\/produit\/moule-picodon-6007-carton-de-168"},"modified":"2026-01-08T15:16:35","modified_gmt":"2026-01-08T14:16:35","slug":"moule-picodon-6007-carton-de-168","status":"publish","type":"product","link":"https:\/\/www.coquard.fr\/es\/produit\/moule-picodon-6007-carton-de-168","title":{"rendered":"MOLDE PICODON \u2013 DIAM. 87\/74 ALTURA 85 mm"},"content":{"rendered":"<p>Molde para queso de pl\u00e1stico alimentario. Di\u00e1metro superior 87 mm, di\u00e1metro inferior 74 mm, altura 85 mm. Puede utilizarse con un distribuidor 043MDA. Referencia fabricante: MG 6007<\/p>\n","protected":false},"excerpt":{"rendered":"<p>39472<\/p>\n","protected":false},"featured_media":13906,"comment_status":"closed","ping_status":"closed","template":"","meta":{"_acf_changed":false},"product_brand":[],"product_cat":[1597],"product_tag":[],"class_list":{"0":"post-39472","1":"product","2":"type-product","3":"status-publish","4":"has-post-thumbnail","6":"product_cat-moldes-de-plastico","8":"first","9":"instock","10":"taxable","11":"shipping-taxable","12":"purchasable","13":"product-type-simple"},"acf":[],"_links":{"self":[{"href":"https:\/\/www.coquard.fr\/es\/wp-json\/wp\/v2\/product\/39472","targetHints":{"allow":["GET"]}}],"collection":[{"href":"https:\/\/www.coquard.fr\/es\/wp-json\/wp\/v2\/product"}],"about":[{"href":"https:\/\/www.coquard.fr\/es\/wp-json\/wp\/v2\/types\/product"}],"replies":[{"embeddable":true,"href":"https:\/\/www.coquard.fr\/es\/wp-json\/wp\/v2\/comments?post=39472"}],"wp:featuredmedia":[{"embeddable":true,"href":"https:\/\/www.coquard.fr\/es\/wp-json\/wp\/v2\/media\/13906"}],"wp:attachment":[{"href":"https:\/\/www.coquard.fr\/es\/wp-json\/wp\/v2\/media?parent=39472"}],"wp:term":[{"taxonomy":"product_brand","embeddable":true,"href":"https:\/\/www.coquard.fr\/es\/wp-json\/wp\/v2\/product_brand?post=39472"},{"taxonomy":"product_cat","embeddable":true,"href":"https:\/\/www.coquard.fr\/es\/wp-json\/wp\/v2\/product_cat?post=39472"},{"taxonomy":"product_tag","embeddable":true,"href":"https:\/\/www.coquard.fr\/es\/wp-json\/wp\/v2\/product_tag?post=39472"}],"curies":[{"name":"wp","href":"https:\/\/api.w.org\/{rel}","templated":true}]}}