{"id":39439,"date":"2022-01-27T22:04:49","date_gmt":"2022-01-27T21:04:49","guid":{"rendered":"https:\/\/www.coquard.fr\/produit\/moule-pelardon-3933"},"modified":"2026-01-08T15:15:52","modified_gmt":"2026-01-08T14:15:52","slug":"moule-pelardon-3933","status":"publish","type":"product","link":"https:\/\/www.coquard.fr\/es\/produit\/moule-pelardon-3933","title":{"rendered":"MOLDE PELARDON \u2013 DIAM. 80\/70 ALTURA 70 mm"},"content":{"rendered":"<p>Molde para queso de pl\u00e1stico alimentario. Di\u00e1metro superior 80 mm, di\u00e1metro inferior 70 mm, altura 70 mm. Puede utilizarse con un distribuidor 043MSA. Referencia fabricante: MG 3933<\/p>\n","protected":false},"excerpt":{"rendered":"<p>39439<\/p>\n","protected":false},"featured_media":13621,"comment_status":"closed","ping_status":"closed","template":"","meta":{"_acf_changed":false},"product_brand":[],"product_cat":[1597],"product_tag":[],"class_list":{"0":"post-39439","1":"product","2":"type-product","3":"status-publish","4":"has-post-thumbnail","6":"product_cat-moldes-de-plastico","8":"first","9":"instock","10":"taxable","11":"shipping-taxable","12":"purchasable","13":"product-type-simple"},"acf":[],"_links":{"self":[{"href":"https:\/\/www.coquard.fr\/es\/wp-json\/wp\/v2\/product\/39439","targetHints":{"allow":["GET"]}}],"collection":[{"href":"https:\/\/www.coquard.fr\/es\/wp-json\/wp\/v2\/product"}],"about":[{"href":"https:\/\/www.coquard.fr\/es\/wp-json\/wp\/v2\/types\/product"}],"replies":[{"embeddable":true,"href":"https:\/\/www.coquard.fr\/es\/wp-json\/wp\/v2\/comments?post=39439"}],"wp:featuredmedia":[{"embeddable":true,"href":"https:\/\/www.coquard.fr\/es\/wp-json\/wp\/v2\/media\/13621"}],"wp:attachment":[{"href":"https:\/\/www.coquard.fr\/es\/wp-json\/wp\/v2\/media?parent=39439"}],"wp:term":[{"taxonomy":"product_brand","embeddable":true,"href":"https:\/\/www.coquard.fr\/es\/wp-json\/wp\/v2\/product_brand?post=39439"},{"taxonomy":"product_cat","embeddable":true,"href":"https:\/\/www.coquard.fr\/es\/wp-json\/wp\/v2\/product_cat?post=39439"},{"taxonomy":"product_tag","embeddable":true,"href":"https:\/\/www.coquard.fr\/es\/wp-json\/wp\/v2\/product_tag?post=39439"}],"curies":[{"name":"wp","href":"https:\/\/api.w.org\/{rel}","templated":true}]}}