{"id":39415,"date":"2022-01-27T22:04:27","date_gmt":"2022-01-27T21:04:27","guid":{"rendered":"https:\/\/www.coquard.fr\/produit\/moule-thoissey-dia-78-5-ht-99-mm"},"modified":"2026-01-08T15:15:17","modified_gmt":"2026-01-08T14:15:17","slug":"moule-thoissey-dia-78-5-ht-99-mm","status":"publish","type":"product","link":"https:\/\/www.coquard.fr\/es\/produit\/moule-thoissey-dia-78-5-ht-99-mm","title":{"rendered":"MOLDE THOISSEY \u2013 DIAM. 78\/57 mm ALTURA 97 mm"},"content":{"rendered":"<p>Molde para queso de pl\u00e1stico alimentario. Di\u00e1metro superior 78 mm, di\u00e1metro inferior 57 mm, altura 97 mm. Fondo perforado de 88 orificios. Puede utilizarse con un distribuidor Ref. 043MLA. La altura de moldeo puede aumentarse de 50 mm con un realce individual Ref. 058OGA.<\/p>\n","protected":false},"excerpt":{"rendered":"<p>39415<\/p>\n","protected":false},"featured_media":25307,"comment_status":"closed","ping_status":"closed","template":"","meta":{"_acf_changed":false},"product_brand":[],"product_cat":[1597],"product_tag":[],"class_list":{"0":"post-39415","1":"product","2":"type-product","3":"status-publish","4":"has-post-thumbnail","6":"product_cat-moldes-de-plastico","8":"first","9":"instock","10":"taxable","11":"shipping-taxable","12":"purchasable","13":"product-type-simple"},"acf":[],"_links":{"self":[{"href":"https:\/\/www.coquard.fr\/es\/wp-json\/wp\/v2\/product\/39415","targetHints":{"allow":["GET"]}}],"collection":[{"href":"https:\/\/www.coquard.fr\/es\/wp-json\/wp\/v2\/product"}],"about":[{"href":"https:\/\/www.coquard.fr\/es\/wp-json\/wp\/v2\/types\/product"}],"replies":[{"embeddable":true,"href":"https:\/\/www.coquard.fr\/es\/wp-json\/wp\/v2\/comments?post=39415"}],"wp:featuredmedia":[{"embeddable":true,"href":"https:\/\/www.coquard.fr\/es\/wp-json\/wp\/v2\/media\/25307"}],"wp:attachment":[{"href":"https:\/\/www.coquard.fr\/es\/wp-json\/wp\/v2\/media?parent=39415"}],"wp:term":[{"taxonomy":"product_brand","embeddable":true,"href":"https:\/\/www.coquard.fr\/es\/wp-json\/wp\/v2\/product_brand?post=39415"},{"taxonomy":"product_cat","embeddable":true,"href":"https:\/\/www.coquard.fr\/es\/wp-json\/wp\/v2\/product_cat?post=39415"},{"taxonomy":"product_tag","embeddable":true,"href":"https:\/\/www.coquard.fr\/es\/wp-json\/wp\/v2\/product_tag?post=39415"}],"curies":[{"name":"wp","href":"https:\/\/api.w.org\/{rel}","templated":true}]}}