{"id":39412,"date":"2022-01-27T22:04:24","date_gmt":"2022-01-27T21:04:24","guid":{"rendered":"https:\/\/www.coquard.fr\/produit\/moule-macon-dia-66-ht-81-mm"},"modified":"2026-01-08T15:15:13","modified_gmt":"2026-01-08T14:15:13","slug":"moule-macon-dia-66-ht-81-mm","status":"publish","type":"product","link":"https:\/\/www.coquard.fr\/es\/produit\/moule-macon-dia-66-ht-81-mm","title":{"rendered":"MOLDE MACON \u2013 DIAM. 65\/50 mm ALTURA 80 mm"},"content":{"rendered":"<p>Molde para queso de pl\u00e1stico alimentario. Di\u00e1metro superior 65 mm, di\u00e1metro inferior 50 mm, altura 80 mm. Fondo perforado de 57 orificios. Puede utilizarse con un distribuidor Ref. 043MFA.<\/p>\n","protected":false},"excerpt":{"rendered":"<p>39412<\/p>\n","protected":false},"featured_media":25001,"comment_status":"closed","ping_status":"closed","template":"","meta":{"_acf_changed":false},"product_brand":[],"product_cat":[1597],"product_tag":[],"class_list":{"0":"post-39412","1":"product","2":"type-product","3":"status-publish","4":"has-post-thumbnail","6":"product_cat-moldes-de-plastico","8":"first","9":"instock","10":"taxable","11":"shipping-taxable","12":"purchasable","13":"product-type-simple"},"acf":[],"_links":{"self":[{"href":"https:\/\/www.coquard.fr\/es\/wp-json\/wp\/v2\/product\/39412","targetHints":{"allow":["GET"]}}],"collection":[{"href":"https:\/\/www.coquard.fr\/es\/wp-json\/wp\/v2\/product"}],"about":[{"href":"https:\/\/www.coquard.fr\/es\/wp-json\/wp\/v2\/types\/product"}],"replies":[{"embeddable":true,"href":"https:\/\/www.coquard.fr\/es\/wp-json\/wp\/v2\/comments?post=39412"}],"wp:featuredmedia":[{"embeddable":true,"href":"https:\/\/www.coquard.fr\/es\/wp-json\/wp\/v2\/media\/25001"}],"wp:attachment":[{"href":"https:\/\/www.coquard.fr\/es\/wp-json\/wp\/v2\/media?parent=39412"}],"wp:term":[{"taxonomy":"product_brand","embeddable":true,"href":"https:\/\/www.coquard.fr\/es\/wp-json\/wp\/v2\/product_brand?post=39412"},{"taxonomy":"product_cat","embeddable":true,"href":"https:\/\/www.coquard.fr\/es\/wp-json\/wp\/v2\/product_cat?post=39412"},{"taxonomy":"product_tag","embeddable":true,"href":"https:\/\/www.coquard.fr\/es\/wp-json\/wp\/v2\/product_tag?post=39412"}],"curies":[{"name":"wp","href":"https:\/\/api.w.org\/{rel}","templated":true}]}}