{"id":39367,"date":"2022-01-27T22:03:25","date_gmt":"2022-01-27T21:03:25","guid":{"rendered":"https:\/\/www.coquard.fr\/produit\/bac-de-moulage-1430x820-ht-200mm"},"modified":"2026-01-08T15:09:17","modified_gmt":"2026-01-08T14:09:17","slug":"bac-de-moulage-1430x820-ht-200mm","status":"publish","type":"product","link":"https:\/\/www.coquard.fr\/es\/produit\/bac-de-moulage-1430x820-ht-200mm","title":{"rendered":"BANDEJA DE MOLDEADO AJUSTABLE EN ALTURA 1430 X 820 mm"},"content":{"rendered":"<p>Bandeja de moldeo que permite un moldeo por gravedad desde una tina quesera. Los pies ajustables autom\u00e1ticos permiten bajar la bandeja por debajo de la evacuaci\u00f3n de la tina quesera. Dimensiones de la bandeja 1.430 mm x 820 mm. Altura interior 200 mm. Altura en posici\u00f3n superior 820 mm. Requiere el uso de un p\u00f3rtico + un aparejo para el levantamiento (Ref. 046ABA).<\/p>\n","protected":false},"excerpt":{"rendered":"<p>39367<\/p>\n","protected":false},"featured_media":23513,"comment_status":"closed","ping_status":"closed","template":"","meta":{"_acf_changed":false},"product_brand":[],"product_cat":[1531],"product_tag":[],"class_list":{"0":"post-39367","1":"product","2":"type-product","3":"status-publish","4":"has-post-thumbnail","6":"product_cat-mesas-de-desuerado-y-de-embalaje","8":"first","9":"onbackorder","10":"taxable","11":"shipping-taxable","12":"purchasable","13":"product-type-simple"},"acf":[],"yoast_head":"<!-- This site is optimized with the Yoast SEO plugin v27.5 - https:\/\/yoast.com\/product\/yoast-seo-wordpress\/ -->\n<title>BANDEJA DE MOLDEADO AJUSTABLE EN ALTURA 1430 X 820 mm - Ets Coquard<\/title>\n<meta name=\"robots\" content=\"index, follow, max-snippet:-1, max-image-preview:large, max-video-preview:-1\" \/>\n<link rel=\"canonical\" href=\"https:\/\/www.coquard.fr\/produit\/bac-de-moulage-1430x820-ht-200mm\" \/>\n<meta property=\"og:locale\" content=\"es_ES\" \/>\n<meta property=\"og:type\" content=\"article\" \/>\n<meta property=\"og:title\" content=\"BANDEJA DE MOLDEADO AJUSTABLE EN ALTURA 1430 X 820 mm - Ets Coquard\" \/>\n<meta property=\"og:description\" content=\"39367\" \/>\n<meta property=\"og:url\" content=\"https:\/\/www.coquard.fr\/produit\/bac-de-moulage-1430x820-ht-200mm\" \/>\n<meta property=\"og:site_name\" content=\"Ets Coquard\" \/>\n<meta property=\"article:modified_time\" content=\"2026-01-08T14:09:17+00:00\" \/>\n<meta property=\"og:image\" content=\"https:\/\/www.coquard.fr\/wp-content\/uploads\/046aao-bacdemoulage1430x820mm-materieldefromagerie-photo1.jpeg\" \/>\n\t<meta property=\"og:image:width\" content=\"1000\" \/>\n\t<meta property=\"og:image:height\" content=\"1000\" \/>\n\t<meta property=\"og:image:type\" content=\"image\/jpeg\" \/>\n<meta name=\"twitter:card\" content=\"summary_large_image\" \/>\n<script type=\"application\/ld+json\" class=\"yoast-schema-graph\">{\"@context\":\"https:\\\/\\\/schema.org\",\"@graph\":[{\"@type\":\"WebPage\",\"@id\":\"https:\\\/\\\/www.coquard.fr\\\/produit\\\/bac-de-moulage-1430x820-ht-200mm\",\"url\":\"https:\\\/\\\/www.coquard.fr\\\/produit\\\/bac-de-moulage-1430x820-ht-200mm\",\"name\":\"BANDEJA DE MOLDEADO AJUSTABLE EN ALTURA 1430 X 820 mm - Ets Coquard\",\"isPartOf\":{\"@id\":\"https:\\\/\\\/www.coquard.fr\\\/#website\"},\"primaryImageOfPage\":{\"@id\":\"https:\\\/\\\/www.coquard.fr\\\/produit\\\/bac-de-moulage-1430x820-ht-200mm#primaryimage\"},\"image\":{\"@id\":\"https:\\\/\\\/www.coquard.fr\\\/produit\\\/bac-de-moulage-1430x820-ht-200mm#primaryimage\"},\"thumbnailUrl\":\"https:\\\/\\\/www.coquard.fr\\\/wp-content\\\/uploads\\\/046aao-bacdemoulage1430x820mm-materieldefromagerie-photo1.jpeg\",\"datePublished\":\"2022-01-27T21:03:25+00:00\",\"dateModified\":\"2026-01-08T14:09:17+00:00\",\"breadcrumb\":{\"@id\":\"https:\\\/\\\/www.coquard.fr\\\/produit\\\/bac-de-moulage-1430x820-ht-200mm#breadcrumb\"},\"inLanguage\":\"es\",\"potentialAction\":[{\"@type\":\"ReadAction\",\"target\":[\"https:\\\/\\\/www.coquard.fr\\\/produit\\\/bac-de-moulage-1430x820-ht-200mm\"]}]},{\"@type\":\"ImageObject\",\"inLanguage\":\"es\",\"@id\":\"https:\\\/\\\/www.coquard.fr\\\/produit\\\/bac-de-moulage-1430x820-ht-200mm#primaryimage\",\"url\":\"https:\\\/\\\/www.coquard.fr\\\/wp-content\\\/uploads\\\/046aao-bacdemoulage1430x820mm-materieldefromagerie-photo1.jpeg\",\"contentUrl\":\"https:\\\/\\\/www.coquard.fr\\\/wp-content\\\/uploads\\\/046aao-bacdemoulage1430x820mm-materieldefromagerie-photo1.jpeg\",\"width\":1000,\"height\":1000},{\"@type\":\"BreadcrumbList\",\"@id\":\"https:\\\/\\\/www.coquard.fr\\\/produit\\\/bac-de-moulage-1430x820-ht-200mm#breadcrumb\",\"itemListElement\":[{\"@type\":\"ListItem\",\"position\":1,\"name\":\"Home\",\"item\":\"https:\\\/\\\/www.coquard.fr\\\/es\"},{\"@type\":\"ListItem\",\"position\":2,\"name\":\"Tienda\",\"item\":\"https:\\\/\\\/www.coquard.fr\\\/es\\\/tienda\"},{\"@type\":\"ListItem\",\"position\":3,\"name\":\"BANDEJA DE MOLDEADO AJUSTABLE EN ALTURA 1430 X 820 mm\"}]},{\"@type\":\"WebSite\",\"@id\":\"https:\\\/\\\/www.coquard.fr\\\/#website\",\"url\":\"https:\\\/\\\/www.coquard.fr\\\/\",\"name\":\"Ets Coquard\",\"description\":\"Equipements fromagerie fermi\u00e8re\",\"publisher\":{\"@id\":\"https:\\\/\\\/www.coquard.fr\\\/#organization\"},\"potentialAction\":[{\"@type\":\"SearchAction\",\"target\":{\"@type\":\"EntryPoint\",\"urlTemplate\":\"https:\\\/\\\/www.coquard.fr\\\/?s={search_term_string}\"},\"query-input\":{\"@type\":\"PropertyValueSpecification\",\"valueRequired\":true,\"valueName\":\"search_term_string\"}}],\"inLanguage\":\"es\"},{\"@type\":\"Organization\",\"@id\":\"https:\\\/\\\/www.coquard.fr\\\/#organization\",\"name\":\"Coquard\",\"url\":\"https:\\\/\\\/www.coquard.fr\\\/\",\"logo\":{\"@type\":\"ImageObject\",\"inLanguage\":\"es\",\"@id\":\"https:\\\/\\\/www.coquard.fr\\\/#\\\/schema\\\/logo\\\/image\\\/\",\"url\":\"https:\\\/\\\/www.coquard.fr\\\/wp-content\\\/uploads\\\/cropped-logo-coquard-quadri-fond-blanc.png\",\"contentUrl\":\"https:\\\/\\\/www.coquard.fr\\\/wp-content\\\/uploads\\\/cropped-logo-coquard-quadri-fond-blanc.png\",\"width\":1824,\"height\":701,\"caption\":\"Coquard\"},\"image\":{\"@id\":\"https:\\\/\\\/www.coquard.fr\\\/#\\\/schema\\\/logo\\\/image\\\/\"}}]}<\/script>\n<!-- \/ Yoast SEO plugin. -->","yoast_head_json":{"title":"BANDEJA DE MOLDEADO AJUSTABLE EN ALTURA 1430 X 820 mm - Ets Coquard","robots":{"index":"index","follow":"follow","max-snippet":"max-snippet:-1","max-image-preview":"max-image-preview:large","max-video-preview":"max-video-preview:-1"},"canonical":"https:\/\/www.coquard.fr\/produit\/bac-de-moulage-1430x820-ht-200mm","og_locale":"es_ES","og_type":"article","og_title":"BANDEJA DE MOLDEADO AJUSTABLE EN ALTURA 1430 X 820 mm - Ets Coquard","og_description":"39367","og_url":"https:\/\/www.coquard.fr\/produit\/bac-de-moulage-1430x820-ht-200mm","og_site_name":"Ets Coquard","article_modified_time":"2026-01-08T14:09:17+00:00","og_image":[{"width":1000,"height":1000,"url":"https:\/\/www.coquard.fr\/wp-content\/uploads\/046aao-bacdemoulage1430x820mm-materieldefromagerie-photo1.jpeg","type":"image\/jpeg"}],"twitter_card":"summary_large_image","schema":{"@context":"https:\/\/schema.org","@graph":[{"@type":"WebPage","@id":"https:\/\/www.coquard.fr\/produit\/bac-de-moulage-1430x820-ht-200mm","url":"https:\/\/www.coquard.fr\/produit\/bac-de-moulage-1430x820-ht-200mm","name":"BANDEJA DE MOLDEADO AJUSTABLE EN ALTURA 1430 X 820 mm - Ets Coquard","isPartOf":{"@id":"https:\/\/www.coquard.fr\/#website"},"primaryImageOfPage":{"@id":"https:\/\/www.coquard.fr\/produit\/bac-de-moulage-1430x820-ht-200mm#primaryimage"},"image":{"@id":"https:\/\/www.coquard.fr\/produit\/bac-de-moulage-1430x820-ht-200mm#primaryimage"},"thumbnailUrl":"https:\/\/www.coquard.fr\/wp-content\/uploads\/046aao-bacdemoulage1430x820mm-materieldefromagerie-photo1.jpeg","datePublished":"2022-01-27T21:03:25+00:00","dateModified":"2026-01-08T14:09:17+00:00","breadcrumb":{"@id":"https:\/\/www.coquard.fr\/produit\/bac-de-moulage-1430x820-ht-200mm#breadcrumb"},"inLanguage":"es","potentialAction":[{"@type":"ReadAction","target":["https:\/\/www.coquard.fr\/produit\/bac-de-moulage-1430x820-ht-200mm"]}]},{"@type":"ImageObject","inLanguage":"es","@id":"https:\/\/www.coquard.fr\/produit\/bac-de-moulage-1430x820-ht-200mm#primaryimage","url":"https:\/\/www.coquard.fr\/wp-content\/uploads\/046aao-bacdemoulage1430x820mm-materieldefromagerie-photo1.jpeg","contentUrl":"https:\/\/www.coquard.fr\/wp-content\/uploads\/046aao-bacdemoulage1430x820mm-materieldefromagerie-photo1.jpeg","width":1000,"height":1000},{"@type":"BreadcrumbList","@id":"https:\/\/www.coquard.fr\/produit\/bac-de-moulage-1430x820-ht-200mm#breadcrumb","itemListElement":[{"@type":"ListItem","position":1,"name":"Home","item":"https:\/\/www.coquard.fr\/es"},{"@type":"ListItem","position":2,"name":"Tienda","item":"https:\/\/www.coquard.fr\/es\/tienda"},{"@type":"ListItem","position":3,"name":"BANDEJA DE MOLDEADO AJUSTABLE EN ALTURA 1430 X 820 mm"}]},{"@type":"WebSite","@id":"https:\/\/www.coquard.fr\/#website","url":"https:\/\/www.coquard.fr\/","name":"Ets Coquard","description":"Equipements fromagerie fermi\u00e8re","publisher":{"@id":"https:\/\/www.coquard.fr\/#organization"},"potentialAction":[{"@type":"SearchAction","target":{"@type":"EntryPoint","urlTemplate":"https:\/\/www.coquard.fr\/?s={search_term_string}"},"query-input":{"@type":"PropertyValueSpecification","valueRequired":true,"valueName":"search_term_string"}}],"inLanguage":"es"},{"@type":"Organization","@id":"https:\/\/www.coquard.fr\/#organization","name":"Coquard","url":"https:\/\/www.coquard.fr\/","logo":{"@type":"ImageObject","inLanguage":"es","@id":"https:\/\/www.coquard.fr\/#\/schema\/logo\/image\/","url":"https:\/\/www.coquard.fr\/wp-content\/uploads\/cropped-logo-coquard-quadri-fond-blanc.png","contentUrl":"https:\/\/www.coquard.fr\/wp-content\/uploads\/cropped-logo-coquard-quadri-fond-blanc.png","width":1824,"height":701,"caption":"Coquard"},"image":{"@id":"https:\/\/www.coquard.fr\/#\/schema\/logo\/image\/"}}]}},"_links":{"self":[{"href":"https:\/\/www.coquard.fr\/es\/wp-json\/wp\/v2\/product\/39367","targetHints":{"allow":["GET"]}}],"collection":[{"href":"https:\/\/www.coquard.fr\/es\/wp-json\/wp\/v2\/product"}],"about":[{"href":"https:\/\/www.coquard.fr\/es\/wp-json\/wp\/v2\/types\/product"}],"replies":[{"embeddable":true,"href":"https:\/\/www.coquard.fr\/es\/wp-json\/wp\/v2\/comments?post=39367"}],"wp:featuredmedia":[{"embeddable":true,"href":"https:\/\/www.coquard.fr\/es\/wp-json\/wp\/v2\/media\/23513"}],"wp:attachment":[{"href":"https:\/\/www.coquard.fr\/es\/wp-json\/wp\/v2\/media?parent=39367"}],"wp:term":[{"taxonomy":"product_brand","embeddable":true,"href":"https:\/\/www.coquard.fr\/es\/wp-json\/wp\/v2\/product_brand?post=39367"},{"taxonomy":"product_cat","embeddable":true,"href":"https:\/\/www.coquard.fr\/es\/wp-json\/wp\/v2\/product_cat?post=39367"},{"taxonomy":"product_tag","embeddable":true,"href":"https:\/\/www.coquard.fr\/es\/wp-json\/wp\/v2\/product_tag?post=39367"}],"curies":[{"name":"wp","href":"https:\/\/api.w.org\/{rel}","templated":true}]}}