{"id":39326,"date":"2022-01-26T22:03:10","date_gmt":"2022-01-26T21:03:10","guid":{"rendered":"https:\/\/www.coquard.fr\/produit\/bac-demi-cylind-inox-double-paroi-250l"},"modified":"2026-04-26T21:40:41","modified_gmt":"2026-04-26T19:40:41","slug":"bac-demi-cylind-inox-double-paroi-250l","status":"publish","type":"product","link":"https:\/\/www.coquard.fr\/es\/produit\/bac-demi-cylind-inox-double-paroi-250l","title":{"rendered":"CUBA DE INOXIDABLE SEMI CILINDRICA 250 L DOBLE PARED"},"content":{"rendered":"<p>Conjunto cubeta + soporte solidario de acero inoxidable 304. \ufeffCapacidad total 250 litros. Doble pared para ba\u00f1o mar\u00eda para calentamiento y refrigeraci\u00f3n. Entrada, salida y vaciado del ba\u00f1o mar\u00eda en macho 20\/27. Con vaciado SMS 51 + tap\u00f3n de pl\u00e1stico SMS 51. Entregado con 2 ruedas fijas + 2 ruedas giratorias.<\/p>\n","protected":false},"excerpt":{"rendered":"<p>39326<\/p>\n","protected":false},"featured_media":46366,"comment_status":"closed","ping_status":"closed","template":"","meta":{"_acf_changed":false},"product_brand":[],"product_cat":[1489],"product_tag":[],"class_list":{"0":"post-39326","1":"product","2":"type-product","3":"status-publish","4":"has-post-thumbnail","6":"product_cat-barrenos-y-materiales-de-cuajadura","8":"first","9":"onbackorder","10":"taxable","11":"shipping-taxable","12":"purchasable","13":"product-type-simple"},"acf":[],"_links":{"self":[{"href":"https:\/\/www.coquard.fr\/es\/wp-json\/wp\/v2\/product\/39326","targetHints":{"allow":["GET"]}}],"collection":[{"href":"https:\/\/www.coquard.fr\/es\/wp-json\/wp\/v2\/product"}],"about":[{"href":"https:\/\/www.coquard.fr\/es\/wp-json\/wp\/v2\/types\/product"}],"replies":[{"embeddable":true,"href":"https:\/\/www.coquard.fr\/es\/wp-json\/wp\/v2\/comments?post=39326"}],"wp:featuredmedia":[{"embeddable":true,"href":"https:\/\/www.coquard.fr\/es\/wp-json\/wp\/v2\/media\/46366"}],"wp:attachment":[{"href":"https:\/\/www.coquard.fr\/es\/wp-json\/wp\/v2\/media?parent=39326"}],"wp:term":[{"taxonomy":"product_brand","embeddable":true,"href":"https:\/\/www.coquard.fr\/es\/wp-json\/wp\/v2\/product_brand?post=39326"},{"taxonomy":"product_cat","embeddable":true,"href":"https:\/\/www.coquard.fr\/es\/wp-json\/wp\/v2\/product_cat?post=39326"},{"taxonomy":"product_tag","embeddable":true,"href":"https:\/\/www.coquard.fr\/es\/wp-json\/wp\/v2\/product_tag?post=39326"}],"curies":[{"name":"wp","href":"https:\/\/api.w.org\/{rel}","templated":true}]}}