{"id":39268,"date":"2022-01-25T22:03:14","date_gmt":"2022-01-25T21:03:14","guid":{"rendered":"https:\/\/www.coquard.fr\/produit\/seau-inox-12-litres-gradue"},"modified":"2026-02-17T20:18:16","modified_gmt":"2026-02-17T19:18:16","slug":"seau-inox-12-litres-gradue","status":"publish","type":"product","link":"https:\/\/www.coquard.fr\/es\/produit\/seau-inox-12-litres-gradue","title":{"rendered":"CUBO DE INOXIDABLE 12 LITROS GRADUADO CON TAPADERA"},"content":{"rendered":"<p>Cubo completamente en acero inoxidable de 12 litros graduado con asa y pie, sin pico vertedor ni tapa. Graduaci\u00f3n litro por litro. Di\u00e1metro superior 250 mm, di\u00e1metro inferior 210 mm, altura 285 mm.<\/p>\n","protected":false},"excerpt":{"rendered":"<p>39268<\/p>\n","protected":false},"featured_media":39287,"comment_status":"closed","ping_status":"closed","template":"","meta":{"_acf_changed":false},"product_brand":[],"product_cat":[1525],"product_tag":[],"class_list":{"0":"post-39268","1":"product","2":"type-product","3":"status-publish","4":"has-post-thumbnail","6":"product_cat-cubetas","8":"first","9":"instock","10":"taxable","11":"shipping-taxable","12":"purchasable","13":"product-type-simple"},"acf":[],"_links":{"self":[{"href":"https:\/\/www.coquard.fr\/es\/wp-json\/wp\/v2\/product\/39268","targetHints":{"allow":["GET"]}}],"collection":[{"href":"https:\/\/www.coquard.fr\/es\/wp-json\/wp\/v2\/product"}],"about":[{"href":"https:\/\/www.coquard.fr\/es\/wp-json\/wp\/v2\/types\/product"}],"replies":[{"embeddable":true,"href":"https:\/\/www.coquard.fr\/es\/wp-json\/wp\/v2\/comments?post=39268"}],"wp:featuredmedia":[{"embeddable":true,"href":"https:\/\/www.coquard.fr\/es\/wp-json\/wp\/v2\/media\/39287"}],"wp:attachment":[{"href":"https:\/\/www.coquard.fr\/es\/wp-json\/wp\/v2\/media?parent=39268"}],"wp:term":[{"taxonomy":"product_brand","embeddable":true,"href":"https:\/\/www.coquard.fr\/es\/wp-json\/wp\/v2\/product_brand?post=39268"},{"taxonomy":"product_cat","embeddable":true,"href":"https:\/\/www.coquard.fr\/es\/wp-json\/wp\/v2\/product_cat?post=39268"},{"taxonomy":"product_tag","embeddable":true,"href":"https:\/\/www.coquard.fr\/es\/wp-json\/wp\/v2\/product_tag?post=39268"}],"curies":[{"name":"wp","href":"https:\/\/api.w.org\/{rel}","templated":true}]}}