{"id":39250,"date":"2022-01-25T22:02:13","date_gmt":"2022-01-25T21:02:13","guid":{"rendered":"https:\/\/www.coquard.fr\/produit\/ecremeuse-500-l-heure-sans-reservoir"},"modified":"2026-04-06T21:12:44","modified_gmt":"2026-04-06T19:12:44","slug":"ecremeuse-500-l-heure-sans-reservoir","status":"publish","type":"product","link":"https:\/\/www.coquard.fr\/es\/produit\/ecremeuse-500-l-heure-sans-reservoir","title":{"rendered":"DESNATADORA 500 L\/HORA SIN RECIPIENTE"},"content":{"rendered":"<p>Desnatadora con alimentaci\u00f3n directa, dep\u00f3sito opcional. Permite el desnatado de leche entera para la elaboraci\u00f3n de nata y mantequilla. Caudal de leche: 500 litros\/hora. Alimentaci\u00f3n: 230 V &#8211; 50\/60 Hz. Entregada con un kit de piezas sueltas.<\/p>\n","protected":false},"excerpt":{"rendered":"<p>39250<\/p>\n","protected":false},"featured_media":14665,"comment_status":"closed","ping_status":"closed","template":"","meta":{"_acf_changed":false},"product_brand":[],"product_cat":[1503],"product_tag":[],"class_list":{"0":"post-39250","1":"product","2":"type-product","3":"status-publish","4":"has-post-thumbnail","6":"product_cat-desnatadoras-y-mantequillas","8":"first","9":"onbackorder","10":"taxable","11":"shipping-taxable","12":"purchasable","13":"product-type-simple"},"acf":[],"_links":{"self":[{"href":"https:\/\/www.coquard.fr\/es\/wp-json\/wp\/v2\/product\/39250","targetHints":{"allow":["GET"]}}],"collection":[{"href":"https:\/\/www.coquard.fr\/es\/wp-json\/wp\/v2\/product"}],"about":[{"href":"https:\/\/www.coquard.fr\/es\/wp-json\/wp\/v2\/types\/product"}],"replies":[{"embeddable":true,"href":"https:\/\/www.coquard.fr\/es\/wp-json\/wp\/v2\/comments?post=39250"}],"wp:featuredmedia":[{"embeddable":true,"href":"https:\/\/www.coquard.fr\/es\/wp-json\/wp\/v2\/media\/14665"}],"wp:attachment":[{"href":"https:\/\/www.coquard.fr\/es\/wp-json\/wp\/v2\/media?parent=39250"}],"wp:term":[{"taxonomy":"product_brand","embeddable":true,"href":"https:\/\/www.coquard.fr\/es\/wp-json\/wp\/v2\/product_brand?post=39250"},{"taxonomy":"product_cat","embeddable":true,"href":"https:\/\/www.coquard.fr\/es\/wp-json\/wp\/v2\/product_cat?post=39250"},{"taxonomy":"product_tag","embeddable":true,"href":"https:\/\/www.coquard.fr\/es\/wp-json\/wp\/v2\/product_tag?post=39250"}],"curies":[{"name":"wp","href":"https:\/\/api.w.org\/{rel}","templated":true}]}}