{"id":39087,"date":"2022-01-20T19:41:25","date_gmt":"2022-01-20T18:41:25","guid":{"rendered":"https:\/\/www.coquard.fr\/produit\/seau-14-l-gradue-avec-anse-inox-2-2"},"modified":"2026-01-08T14:59:14","modified_gmt":"2026-01-08T13:59:14","slug":"seau-14-l-gradue-avec-anse-inox-2-2","status":"publish","type":"product","link":"https:\/\/www.coquard.fr\/es\/produit\/seau-14-l-gradue-avec-anse-inox-2-2","title":{"rendered":"CUBO DE PLASTICO 14 LITROS GRADUADO ASA DE INOXIDABLE"},"content":{"rendered":"<p>Cubo muy resistente de pl\u00e1stico alimentario blanco. Capacidad 14 litros. Sin pico vertedor. Di\u00e1metro superior 360 mm. Di\u00e1metro inferior 212 mm. Altura 315 mm. Peso 1,115kg.<\/p>\n","protected":false},"excerpt":{"rendered":"<p>39087<\/p>\n","protected":false},"featured_media":24083,"comment_status":"closed","ping_status":"closed","template":"","meta":{"_acf_changed":false},"product_brand":[],"product_cat":[1525],"product_tag":[],"class_list":{"0":"post-39087","1":"product","2":"type-product","3":"status-publish","4":"has-post-thumbnail","6":"product_cat-cubetas","8":"first","9":"instock","10":"taxable","11":"shipping-taxable","12":"purchasable","13":"product-type-simple"},"acf":[],"_links":{"self":[{"href":"https:\/\/www.coquard.fr\/es\/wp-json\/wp\/v2\/product\/39087","targetHints":{"allow":["GET"]}}],"collection":[{"href":"https:\/\/www.coquard.fr\/es\/wp-json\/wp\/v2\/product"}],"about":[{"href":"https:\/\/www.coquard.fr\/es\/wp-json\/wp\/v2\/types\/product"}],"replies":[{"embeddable":true,"href":"https:\/\/www.coquard.fr\/es\/wp-json\/wp\/v2\/comments?post=39087"}],"wp:featuredmedia":[{"embeddable":true,"href":"https:\/\/www.coquard.fr\/es\/wp-json\/wp\/v2\/media\/24083"}],"wp:attachment":[{"href":"https:\/\/www.coquard.fr\/es\/wp-json\/wp\/v2\/media?parent=39087"}],"wp:term":[{"taxonomy":"product_brand","embeddable":true,"href":"https:\/\/www.coquard.fr\/es\/wp-json\/wp\/v2\/product_brand?post=39087"},{"taxonomy":"product_cat","embeddable":true,"href":"https:\/\/www.coquard.fr\/es\/wp-json\/wp\/v2\/product_cat?post=39087"},{"taxonomy":"product_tag","embeddable":true,"href":"https:\/\/www.coquard.fr\/es\/wp-json\/wp\/v2\/product_tag?post=39087"}],"curies":[{"name":"wp","href":"https:\/\/api.w.org\/{rel}","templated":true}]}}