{"id":39001,"date":"2022-01-20T17:52:40","date_gmt":"2022-01-20T16:52:40","guid":{"rendered":"https:\/\/www.coquard.fr\/produit\/support-inox-4-roues-pour-bac-73-l-et-75-l"},"modified":"2026-04-26T21:34:57","modified_gmt":"2026-04-26T19:34:57","slug":"support-inox-4-roues-pour-bac-73-l-et-75-l","status":"publish","type":"product","link":"https:\/\/www.coquard.fr\/es\/produit\/support-inox-4-roues-pour-bac-73-l-et-75-l","title":{"rendered":"SUPPORT INOX 4 ROUES POUR BAC 73 L ET 75 L."},"content":{"rendered":"<p>Support en inox pour bac plastique h\u00e9misph\u00e9rique de 73 litres et bassine de 75 litres. Mont\u00e9 sur 4 roues pivotantes sans freins. Hauteur total avec bac 73 litres: 995 mm. Avec bassine 75 litres: 930 mm. Poids total support + bac 10,3 kg.<\/p>\n","protected":false},"excerpt":{"rendered":"<p>39001<\/p>\n","protected":false},"featured_media":35522,"comment_status":"closed","ping_status":"closed","template":"","meta":{"_acf_changed":false},"product_brand":[],"product_cat":[1489],"product_tag":[],"class_list":{"0":"post-39001","1":"product","2":"type-product","3":"status-publish","4":"has-post-thumbnail","6":"product_cat-barrenos-y-materiales-de-cuajadura","8":"first","9":"instock","10":"taxable","11":"shipping-taxable","12":"purchasable","13":"product-type-simple"},"acf":[],"_links":{"self":[{"href":"https:\/\/www.coquard.fr\/es\/wp-json\/wp\/v2\/product\/39001","targetHints":{"allow":["GET"]}}],"collection":[{"href":"https:\/\/www.coquard.fr\/es\/wp-json\/wp\/v2\/product"}],"about":[{"href":"https:\/\/www.coquard.fr\/es\/wp-json\/wp\/v2\/types\/product"}],"replies":[{"embeddable":true,"href":"https:\/\/www.coquard.fr\/es\/wp-json\/wp\/v2\/comments?post=39001"}],"wp:featuredmedia":[{"embeddable":true,"href":"https:\/\/www.coquard.fr\/es\/wp-json\/wp\/v2\/media\/35522"}],"wp:attachment":[{"href":"https:\/\/www.coquard.fr\/es\/wp-json\/wp\/v2\/media?parent=39001"}],"wp:term":[{"taxonomy":"product_brand","embeddable":true,"href":"https:\/\/www.coquard.fr\/es\/wp-json\/wp\/v2\/product_brand?post=39001"},{"taxonomy":"product_cat","embeddable":true,"href":"https:\/\/www.coquard.fr\/es\/wp-json\/wp\/v2\/product_cat?post=39001"},{"taxonomy":"product_tag","embeddable":true,"href":"https:\/\/www.coquard.fr\/es\/wp-json\/wp\/v2\/product_tag?post=39001"}],"curies":[{"name":"wp","href":"https:\/\/api.w.org\/{rel}","templated":true}]}}