{"id":38980,"date":"2022-01-20T17:52:11","date_gmt":"2022-01-20T16:52:11","guid":{"rendered":"https:\/\/www.coquard.fr\/produit\/seau-13-l-gradue-avec-anse-inox-et-bec"},"modified":"2026-01-08T14:59:06","modified_gmt":"2026-01-08T13:59:06","slug":"seau-13-l-gradue-avec-anse-inox-et-bec","status":"publish","type":"product","link":"https:\/\/www.coquard.fr\/es\/produit\/seau-13-l-gradue-avec-anse-inox-et-bec","title":{"rendered":"CUBO DE PLASTICO 13 LITROS GRADUADO ASA DE INOXIDABLE"},"content":{"rendered":"<p>Cubo de pl\u00e1stico alimentario blanco y asa de acero inoxidable. Con pico vertedor. Capacidad 13 litros. Di\u00e1metro superior 290 mm. Di\u00e1metro inferior 220 mm. Altura 280 mm. Peso 740 g.<\/p>\n","protected":false},"excerpt":{"rendered":"<p>38980<\/p>\n","protected":false},"featured_media":23357,"comment_status":"closed","ping_status":"closed","template":"","meta":{"_acf_changed":false},"product_brand":[],"product_cat":[1525],"product_tag":[],"class_list":{"0":"post-38980","1":"product","2":"type-product","3":"status-publish","4":"has-post-thumbnail","6":"product_cat-cubetas","8":"first","9":"instock","10":"taxable","11":"shipping-taxable","12":"purchasable","13":"product-type-simple"},"acf":[],"_links":{"self":[{"href":"https:\/\/www.coquard.fr\/es\/wp-json\/wp\/v2\/product\/38980","targetHints":{"allow":["GET"]}}],"collection":[{"href":"https:\/\/www.coquard.fr\/es\/wp-json\/wp\/v2\/product"}],"about":[{"href":"https:\/\/www.coquard.fr\/es\/wp-json\/wp\/v2\/types\/product"}],"replies":[{"embeddable":true,"href":"https:\/\/www.coquard.fr\/es\/wp-json\/wp\/v2\/comments?post=38980"}],"wp:featuredmedia":[{"embeddable":true,"href":"https:\/\/www.coquard.fr\/es\/wp-json\/wp\/v2\/media\/23357"}],"wp:attachment":[{"href":"https:\/\/www.coquard.fr\/es\/wp-json\/wp\/v2\/media?parent=38980"}],"wp:term":[{"taxonomy":"product_brand","embeddable":true,"href":"https:\/\/www.coquard.fr\/es\/wp-json\/wp\/v2\/product_brand?post=38980"},{"taxonomy":"product_cat","embeddable":true,"href":"https:\/\/www.coquard.fr\/es\/wp-json\/wp\/v2\/product_cat?post=38980"},{"taxonomy":"product_tag","embeddable":true,"href":"https:\/\/www.coquard.fr\/es\/wp-json\/wp\/v2\/product_tag?post=38980"}],"curies":[{"name":"wp","href":"https:\/\/api.w.org\/{rel}","templated":true}]}}