{"id":35210,"date":"2021-11-29T22:02:38","date_gmt":"2021-11-29T21:02:38","guid":{"rendered":"https:\/\/www.coquard.fr\/produit\/tank-a-lait-vertical-100-l-avec-groupe-sous-cuve"},"modified":"2026-04-02T21:12:35","modified_gmt":"2026-04-02T19:12:35","slug":"tank-a-lait-vertical-100-l-avec-groupe-sous-cuve","status":"publish","type":"product","link":"https:\/\/www.coquard.fr\/es\/produit\/tank-a-lait-vertical-100-l-avec-groupe-sous-cuve","title":{"rendered":"TANQUE DE LECHE VERTICAL 100 L CON GRUPO BAJO LA CUBA"},"content":{"rendered":"<p>Tanque de leche vertical con grupo situado bajo la cuba con una capacidad de 100 litros. Con termostato para almacenamiento de la leche a +2\/4\u00b0C y\/o maduraci\u00f3n a 12\/14\u00b0C. N\u00famero de orde\u00f1os: 2. Cuba de acero inoxidable 304. Agitaci\u00f3n secuenciada preajustada. Salida del tanque: di\u00e1metro 51 SMS. Alimentaci\u00f3n: 230 Voltios.<\/p>\n","protected":false},"excerpt":{"rendered":"<p>35210<\/p>\n","protected":false},"featured_media":35170,"comment_status":"closed","ping_status":"closed","template":"","meta":{"_acf_changed":false},"product_brand":[],"product_cat":[1533],"product_tag":[],"class_list":{"0":"post-35210","1":"product","2":"type-product","3":"status-publish","4":"has-post-thumbnail","6":"product_cat-tanques-de-leche-y-cisternas","8":"first","9":"onbackorder","10":"taxable","11":"shipping-taxable","12":"purchasable","13":"product-type-simple"},"acf":[],"_links":{"self":[{"href":"https:\/\/www.coquard.fr\/es\/wp-json\/wp\/v2\/product\/35210","targetHints":{"allow":["GET"]}}],"collection":[{"href":"https:\/\/www.coquard.fr\/es\/wp-json\/wp\/v2\/product"}],"about":[{"href":"https:\/\/www.coquard.fr\/es\/wp-json\/wp\/v2\/types\/product"}],"replies":[{"embeddable":true,"href":"https:\/\/www.coquard.fr\/es\/wp-json\/wp\/v2\/comments?post=35210"}],"wp:featuredmedia":[{"embeddable":true,"href":"https:\/\/www.coquard.fr\/es\/wp-json\/wp\/v2\/media\/35170"}],"wp:attachment":[{"href":"https:\/\/www.coquard.fr\/es\/wp-json\/wp\/v2\/media?parent=35210"}],"wp:term":[{"taxonomy":"product_brand","embeddable":true,"href":"https:\/\/www.coquard.fr\/es\/wp-json\/wp\/v2\/product_brand?post=35210"},{"taxonomy":"product_cat","embeddable":true,"href":"https:\/\/www.coquard.fr\/es\/wp-json\/wp\/v2\/product_cat?post=35210"},{"taxonomy":"product_tag","embeddable":true,"href":"https:\/\/www.coquard.fr\/es\/wp-json\/wp\/v2\/product_tag?post=35210"}],"curies":[{"name":"wp","href":"https:\/\/api.w.org\/{rel}","templated":true}]}}