{"id":33581,"date":"2020-07-17T11:43:19","date_gmt":"2020-07-17T09:43:19","guid":{"rendered":"https:\/\/www.coquard.fr\/produit\/opercule-alu-diam-95-5-mm-par-1000"},"modified":"2026-01-08T16:05:52","modified_gmt":"2026-01-08T15:05:52","slug":"opercule-alu-diam-95-5-mm-par-1000","status":"publish","type":"product","link":"https:\/\/www.coquard.fr\/es\/produit\/opercule-alu-diam-95-5-mm-par-1000","title":{"rendered":"OP\u00c9RCULO ALU. D. 95.5 mm"},"content":{"rendered":"<p>Op\u00e9rculo de aluminio para tarro de pl\u00e1stico de poliestireno y de polipropileno. Dimensi\u00f3n: 95,50 mm. Color: aluminio. Bl\u00edster de 2000. Precio para 1000 op\u00e9rculos.<\/p>\n","protected":false},"excerpt":{"rendered":"<p>33581<\/p>\n","protected":false},"featured_media":41668,"comment_status":"closed","ping_status":"closed","template":"","meta":{"_acf_changed":false},"product_brand":[],"product_cat":[1577],"product_tag":[],"class_list":{"0":"post-33581","1":"product","2":"type-product","3":"status-publish","4":"has-post-thumbnail","6":"product_cat-operculos","8":"first","9":"instock","10":"taxable","11":"shipping-taxable","12":"purchasable","13":"product-type-simple"},"acf":[],"_links":{"self":[{"href":"https:\/\/www.coquard.fr\/es\/wp-json\/wp\/v2\/product\/33581","targetHints":{"allow":["GET"]}}],"collection":[{"href":"https:\/\/www.coquard.fr\/es\/wp-json\/wp\/v2\/product"}],"about":[{"href":"https:\/\/www.coquard.fr\/es\/wp-json\/wp\/v2\/types\/product"}],"replies":[{"embeddable":true,"href":"https:\/\/www.coquard.fr\/es\/wp-json\/wp\/v2\/comments?post=33581"}],"wp:featuredmedia":[{"embeddable":true,"href":"https:\/\/www.coquard.fr\/es\/wp-json\/wp\/v2\/media\/41668"}],"wp:attachment":[{"href":"https:\/\/www.coquard.fr\/es\/wp-json\/wp\/v2\/media?parent=33581"}],"wp:term":[{"taxonomy":"product_brand","embeddable":true,"href":"https:\/\/www.coquard.fr\/es\/wp-json\/wp\/v2\/product_brand?post=33581"},{"taxonomy":"product_cat","embeddable":true,"href":"https:\/\/www.coquard.fr\/es\/wp-json\/wp\/v2\/product_cat?post=33581"},{"taxonomy":"product_tag","embeddable":true,"href":"https:\/\/www.coquard.fr\/es\/wp-json\/wp\/v2\/product_tag?post=33581"}],"curies":[{"name":"wp","href":"https:\/\/api.w.org\/{rel}","templated":true}]}}