{"id":33529,"date":"2020-07-17T11:41:59","date_gmt":"2020-07-17T09:41:59","guid":{"rendered":"https:\/\/www.coquard.fr\/produit\/opercule-alu-4-coul-ananas-68mm"},"modified":"2026-01-08T16:03:21","modified_gmt":"2026-01-08T15:03:21","slug":"opercule-alu-4-coul-ananas-68mm","status":"publish","type":"product","link":"https:\/\/www.coquard.fr\/es\/produit\/opercule-alu-4-coul-ananas-68mm","title":{"rendered":"OP\u00c9RCULO ALU. PI\u00d1A D.68 mm"},"content":{"rendered":"<p>Op\u00e9rculo impreso en aluminio con fotos de frutas en color para yogur aromatizado o con frutas, para tarro de pl\u00e1stico de poliestireno y de polipropileno. Dimensi\u00f3n: 68 mm. Perfume: pi\u00f1a. Bl\u00edster de 2000. Precio para 1000 op\u00e9rculos.<\/p>\n","protected":false},"excerpt":{"rendered":"<p>33529<\/p>\n","protected":false},"featured_media":20624,"comment_status":"closed","ping_status":"closed","template":"","meta":{"_acf_changed":false},"product_brand":[],"product_cat":[1577],"product_tag":[],"class_list":{"0":"post-33529","1":"product","2":"type-product","3":"status-publish","4":"has-post-thumbnail","6":"product_cat-operculos","8":"first","9":"instock","10":"taxable","11":"shipping-taxable","12":"purchasable","13":"product-type-simple"},"acf":[],"_links":{"self":[{"href":"https:\/\/www.coquard.fr\/es\/wp-json\/wp\/v2\/product\/33529","targetHints":{"allow":["GET"]}}],"collection":[{"href":"https:\/\/www.coquard.fr\/es\/wp-json\/wp\/v2\/product"}],"about":[{"href":"https:\/\/www.coquard.fr\/es\/wp-json\/wp\/v2\/types\/product"}],"replies":[{"embeddable":true,"href":"https:\/\/www.coquard.fr\/es\/wp-json\/wp\/v2\/comments?post=33529"}],"wp:featuredmedia":[{"embeddable":true,"href":"https:\/\/www.coquard.fr\/es\/wp-json\/wp\/v2\/media\/20624"}],"wp:attachment":[{"href":"https:\/\/www.coquard.fr\/es\/wp-json\/wp\/v2\/media?parent=33529"}],"wp:term":[{"taxonomy":"product_brand","embeddable":true,"href":"https:\/\/www.coquard.fr\/es\/wp-json\/wp\/v2\/product_brand?post=33529"},{"taxonomy":"product_cat","embeddable":true,"href":"https:\/\/www.coquard.fr\/es\/wp-json\/wp\/v2\/product_cat?post=33529"},{"taxonomy":"product_tag","embeddable":true,"href":"https:\/\/www.coquard.fr\/es\/wp-json\/wp\/v2\/product_tag?post=33529"}],"curies":[{"name":"wp","href":"https:\/\/api.w.org\/{rel}","templated":true}]}}