{"id":33373,"date":"2020-07-17T11:36:40","date_gmt":"2020-07-17T09:36:40","guid":{"rendered":"https:\/\/www.coquard.fr\/produit\/pot-yaourt-125ml-transp-decor-par-10"},"modified":"2026-01-08T15:56:30","modified_gmt":"2026-01-08T14:56:30","slug":"pot-yaourt-125ml-transp-decor-par-10","status":"publish","type":"product","link":"https:\/\/www.coquard.fr\/es\/produit\/pot-yaourt-125ml-transp-decor-par-10","title":{"rendered":"TARRO PARA YOGUR 125 G IMPRIM. PASPARTU VENDIDO POR 10"},"content":{"rendered":"<p>Tarro para yogur de polipropileno transparente, homologado para el contacto con alimentos. Capacidad: 125 gramos. Impresi\u00f3n paspart\u00fa (prado con amapolas), di\u00e1metro: 67,50 mm, termosellado posible o tapa 904AAS y 904ABP. Caja de 2205. Vendido a la decena.<\/p>\n","protected":false},"excerpt":{"rendered":"<p>33373<\/p>\n","protected":false},"featured_media":20288,"comment_status":"closed","ping_status":"closed","template":"","meta":{"_acf_changed":false},"product_brand":[],"product_cat":[1581],"product_tag":[],"class_list":{"0":"post-33373","1":"product","2":"type-product","3":"status-publish","4":"has-post-thumbnail","6":"product_cat-botes-de-yogur","8":"first","9":"instock","10":"taxable","11":"shipping-taxable","12":"purchasable","13":"product-type-simple"},"acf":[],"_links":{"self":[{"href":"https:\/\/www.coquard.fr\/es\/wp-json\/wp\/v2\/product\/33373","targetHints":{"allow":["GET"]}}],"collection":[{"href":"https:\/\/www.coquard.fr\/es\/wp-json\/wp\/v2\/product"}],"about":[{"href":"https:\/\/www.coquard.fr\/es\/wp-json\/wp\/v2\/types\/product"}],"replies":[{"embeddable":true,"href":"https:\/\/www.coquard.fr\/es\/wp-json\/wp\/v2\/comments?post=33373"}],"wp:featuredmedia":[{"embeddable":true,"href":"https:\/\/www.coquard.fr\/es\/wp-json\/wp\/v2\/media\/20288"}],"wp:attachment":[{"href":"https:\/\/www.coquard.fr\/es\/wp-json\/wp\/v2\/media?parent=33373"}],"wp:term":[{"taxonomy":"product_brand","embeddable":true,"href":"https:\/\/www.coquard.fr\/es\/wp-json\/wp\/v2\/product_brand?post=33373"},{"taxonomy":"product_cat","embeddable":true,"href":"https:\/\/www.coquard.fr\/es\/wp-json\/wp\/v2\/product_cat?post=33373"},{"taxonomy":"product_tag","embeddable":true,"href":"https:\/\/www.coquard.fr\/es\/wp-json\/wp\/v2\/product_tag?post=33373"}],"curies":[{"name":"wp","href":"https:\/\/api.w.org\/{rel}","templated":true}]}}