{"id":33213,"date":"2020-07-17T11:26:56","date_gmt":"2020-07-17T09:26:56","guid":{"rendered":"https:\/\/www.coquard.fr\/produit\/electrovanne-de-securite-traitement-uv"},"modified":"2026-01-08T15:50:05","modified_gmt":"2026-01-08T14:50:05","slug":"electrovanne-de-securite-traitement-uv","status":"publish","type":"product","link":"https:\/\/www.coquard.fr\/es\/produit\/electrovanne-de-securite-traitement-uv","title":{"rendered":"ELECTROV\u00c0LVULA DE SEGURIDAD TRATAMIENTO UV"},"content":{"rendered":"<p>Electrov\u00e1lvula que permite cortar la distribuci\u00f3n de agua en caso de corte de corriente y evitar la contaminaci\u00f3n de la red con agua no tratada. Se conecta a la alimentaci\u00f3n el\u00e9ctrica de la l\u00e1mpara UV.<\/p>\n","protected":false},"excerpt":{"rendered":"<p>33213<\/p>\n","protected":false},"featured_media":46880,"comment_status":"closed","ping_status":"closed","template":"","meta":{"_acf_changed":false},"product_brand":[],"product_cat":[1598],"product_tag":[],"class_list":{"0":"post-33213","1":"product","2":"type-product","3":"status-publish","4":"has-post-thumbnail","6":"product_cat-tratamiento-de-agua-es","8":"first","9":"instock","10":"taxable","11":"shipping-taxable","12":"purchasable","13":"product-type-simple"},"acf":[],"_links":{"self":[{"href":"https:\/\/www.coquard.fr\/es\/wp-json\/wp\/v2\/product\/33213","targetHints":{"allow":["GET"]}}],"collection":[{"href":"https:\/\/www.coquard.fr\/es\/wp-json\/wp\/v2\/product"}],"about":[{"href":"https:\/\/www.coquard.fr\/es\/wp-json\/wp\/v2\/types\/product"}],"replies":[{"embeddable":true,"href":"https:\/\/www.coquard.fr\/es\/wp-json\/wp\/v2\/comments?post=33213"}],"wp:featuredmedia":[{"embeddable":true,"href":"https:\/\/www.coquard.fr\/es\/wp-json\/wp\/v2\/media\/46880"}],"wp:attachment":[{"href":"https:\/\/www.coquard.fr\/es\/wp-json\/wp\/v2\/media?parent=33213"}],"wp:term":[{"taxonomy":"product_brand","embeddable":true,"href":"https:\/\/www.coquard.fr\/es\/wp-json\/wp\/v2\/product_brand?post=33213"},{"taxonomy":"product_cat","embeddable":true,"href":"https:\/\/www.coquard.fr\/es\/wp-json\/wp\/v2\/product_cat?post=33213"},{"taxonomy":"product_tag","embeddable":true,"href":"https:\/\/www.coquard.fr\/es\/wp-json\/wp\/v2\/product_tag?post=33213"}],"curies":[{"name":"wp","href":"https:\/\/api.w.org\/{rel}","templated":true}]}}