{"id":33199,"date":"2020-07-17T11:26:19","date_gmt":"2020-07-17T09:26:19","guid":{"rendered":"https:\/\/www.coquard.fr\/produit\/distributeur-bobine-essuyage"},"modified":"2026-01-08T15:49:39","modified_gmt":"2026-01-08T14:49:39","slug":"distributeur-bobine-essuyage","status":"publish","type":"product","link":"https:\/\/www.coquard.fr\/es\/produit\/distributeur-bobine-essuyage","title":{"rendered":"DISTRIBUTEUR BOBINE ESSUIE- MAIN"},"content":{"rendered":"<p>Distributeur pour bobine d&#8217;essuyage 205AAA, \u00e0 d\u00e9vidage central. Dimensions : Diam\u00e8tre : 180 mm, hauteur : 200 mm.       <\/p>\n","protected":false},"excerpt":{"rendered":"<p>33199<\/p>\n","protected":false},"featured_media":47835,"comment_status":"closed","ping_status":"closed","template":"","meta":{"_acf_changed":false},"product_brand":[],"product_cat":[1592],"product_tag":[],"class_list":{"0":"post-33199","1":"product","2":"type-product","3":"status-publish","4":"has-post-thumbnail","6":"product_cat-productos-de-limpieza-y-higiene","8":"first","9":"instock","10":"taxable","11":"shipping-taxable","12":"purchasable","13":"product-type-simple"},"acf":[],"_links":{"self":[{"href":"https:\/\/www.coquard.fr\/es\/wp-json\/wp\/v2\/product\/33199","targetHints":{"allow":["GET"]}}],"collection":[{"href":"https:\/\/www.coquard.fr\/es\/wp-json\/wp\/v2\/product"}],"about":[{"href":"https:\/\/www.coquard.fr\/es\/wp-json\/wp\/v2\/types\/product"}],"replies":[{"embeddable":true,"href":"https:\/\/www.coquard.fr\/es\/wp-json\/wp\/v2\/comments?post=33199"}],"wp:featuredmedia":[{"embeddable":true,"href":"https:\/\/www.coquard.fr\/es\/wp-json\/wp\/v2\/media\/47835"}],"wp:attachment":[{"href":"https:\/\/www.coquard.fr\/es\/wp-json\/wp\/v2\/media?parent=33199"}],"wp:term":[{"taxonomy":"product_brand","embeddable":true,"href":"https:\/\/www.coquard.fr\/es\/wp-json\/wp\/v2\/product_brand?post=33199"},{"taxonomy":"product_cat","embeddable":true,"href":"https:\/\/www.coquard.fr\/es\/wp-json\/wp\/v2\/product_cat?post=33199"},{"taxonomy":"product_tag","embeddable":true,"href":"https:\/\/www.coquard.fr\/es\/wp-json\/wp\/v2\/product_tag?post=33199"}],"curies":[{"name":"wp","href":"https:\/\/api.w.org\/{rel}","templated":true}]}}