{"id":33175,"date":"2020-07-17T11:25:31","date_gmt":"2020-07-17T09:25:31","guid":{"rendered":"https:\/\/www.coquard.fr\/produit\/etiquette-papier-synthetique-didentification-grilles-et-cl"},"modified":"2026-01-08T15:48:29","modified_gmt":"2026-01-08T14:48:29","slug":"etiquette-papier-synthetique-didentification-grilles-et-cl","status":"publish","type":"product","link":"https:\/\/www.coquard.fr\/es\/produit\/etiquette-papier-synthetique-didentification-grilles-et-cl","title":{"rendered":"ETIQUETA SINT\u00c9TICA PARA IDENTIFICACI\u00d3N DE CA\u00d1IZOS"},"content":{"rendered":"<p>Etiqueta en material sint\u00e9tico para identificaci\u00f3n de las pilas de ca\u00f1izos. Material estanco e irrompible. Dimensiones: 60 mm x 187 mm. Paquete de 500 etiquetas.<\/p>\n","protected":false},"excerpt":{"rendered":"<p>33175<\/p>\n","protected":false},"featured_media":25649,"comment_status":"closed","ping_status":"closed","template":"","meta":{"_acf_changed":false},"product_brand":[],"product_cat":[1565],"product_tag":[],"class_list":{"0":"post-33175","1":"product","2":"type-product","3":"status-publish","4":"has-post-thumbnail","6":"product_cat-etiquetado-y-marcado-de-los-productos","8":"first","9":"instock","10":"taxable","11":"shipping-taxable","12":"purchasable","13":"product-type-simple"},"acf":[],"_links":{"self":[{"href":"https:\/\/www.coquard.fr\/es\/wp-json\/wp\/v2\/product\/33175","targetHints":{"allow":["GET"]}}],"collection":[{"href":"https:\/\/www.coquard.fr\/es\/wp-json\/wp\/v2\/product"}],"about":[{"href":"https:\/\/www.coquard.fr\/es\/wp-json\/wp\/v2\/types\/product"}],"replies":[{"embeddable":true,"href":"https:\/\/www.coquard.fr\/es\/wp-json\/wp\/v2\/comments?post=33175"}],"wp:featuredmedia":[{"embeddable":true,"href":"https:\/\/www.coquard.fr\/es\/wp-json\/wp\/v2\/media\/25649"}],"wp:attachment":[{"href":"https:\/\/www.coquard.fr\/es\/wp-json\/wp\/v2\/media?parent=33175"}],"wp:term":[{"taxonomy":"product_brand","embeddable":true,"href":"https:\/\/www.coquard.fr\/es\/wp-json\/wp\/v2\/product_brand?post=33175"},{"taxonomy":"product_cat","embeddable":true,"href":"https:\/\/www.coquard.fr\/es\/wp-json\/wp\/v2\/product_cat?post=33175"},{"taxonomy":"product_tag","embeddable":true,"href":"https:\/\/www.coquard.fr\/es\/wp-json\/wp\/v2\/product_tag?post=33175"}],"curies":[{"name":"wp","href":"https:\/\/api.w.org\/{rel}","templated":true}]}}