{"id":33023,"date":"2020-07-17T11:21:27","date_gmt":"2020-07-17T09:21:27","guid":{"rendered":"https:\/\/www.coquard.fr\/produit\/sabots-fermes-p-44"},"modified":"2026-01-08T15:43:11","modified_gmt":"2026-01-08T14:43:11","slug":"sabots-fermes-p-44","status":"publish","type":"product","link":"https:\/\/www.coquard.fr\/es\/produit\/sabots-fermes-p-44","title":{"rendered":"ZUECOS CERRADOS POR DETR\u00c1S T.44"},"content":{"rendered":"<p>Par de zuecos cerrados por detr\u00e1s. En policloruro de vinilo. Blanco. N\u00famero 44.<\/p>\n","protected":false},"excerpt":{"rendered":"<p>33023<\/p>\n","protected":false},"featured_media":21746,"comment_status":"closed","ping_status":"closed","template":"","meta":{"_acf_changed":false},"product_brand":[],"product_cat":[1583],"product_tag":[],"class_list":{"0":"post-33023","1":"product","2":"type-product","3":"status-publish","4":"has-post-thumbnail","6":"product_cat-ezapatos-de-trabajo","8":"first","9":"instock","10":"taxable","11":"shipping-taxable","12":"purchasable","13":"product-type-simple"},"acf":[],"_links":{"self":[{"href":"https:\/\/www.coquard.fr\/es\/wp-json\/wp\/v2\/product\/33023","targetHints":{"allow":["GET"]}}],"collection":[{"href":"https:\/\/www.coquard.fr\/es\/wp-json\/wp\/v2\/product"}],"about":[{"href":"https:\/\/www.coquard.fr\/es\/wp-json\/wp\/v2\/types\/product"}],"replies":[{"embeddable":true,"href":"https:\/\/www.coquard.fr\/es\/wp-json\/wp\/v2\/comments?post=33023"}],"wp:featuredmedia":[{"embeddable":true,"href":"https:\/\/www.coquard.fr\/es\/wp-json\/wp\/v2\/media\/21746"}],"wp:attachment":[{"href":"https:\/\/www.coquard.fr\/es\/wp-json\/wp\/v2\/media?parent=33023"}],"wp:term":[{"taxonomy":"product_brand","embeddable":true,"href":"https:\/\/www.coquard.fr\/es\/wp-json\/wp\/v2\/product_brand?post=33023"},{"taxonomy":"product_cat","embeddable":true,"href":"https:\/\/www.coquard.fr\/es\/wp-json\/wp\/v2\/product_cat?post=33023"},{"taxonomy":"product_tag","embeddable":true,"href":"https:\/\/www.coquard.fr\/es\/wp-json\/wp\/v2\/product_tag?post=33023"}],"curies":[{"name":"wp","href":"https:\/\/api.w.org\/{rel}","templated":true}]}}