{"id":32957,"date":"2020-11-04T12:29:24","date_gmt":"2020-11-04T11:29:24","guid":{"rendered":"https:\/\/www.coquard.fr\/produit\/caisson-613-l-refrigere-2"},"modified":"2026-04-06T21:18:05","modified_gmt":"2026-04-06T19:18:05","slug":"caisson-613-l-refrigere-2","status":"publish","type":"product","link":"https:\/\/www.coquard.fr\/es\/produit\/caisson-613-l-refrigere-2","title":{"rendered":"CAJ\u00d3N 613 L. FRIGOR\u00cdFICO"},"content":{"rendered":"<p>Caj\u00f3n refrigerado de transporte con una capacidad de 613 litros y montable en los siguiente veh\u00edculos: Berlingot, Partner, Kangoo, Fiat Doblo, Opel Combo, Ford Courrier, Volkswagen Caddy (comprobar las cotas de su veh\u00edculo minuciosamente). De poli\u00e9ster, aislamiento 80 mm. Plataforma de acero inoxidable. Alimentaci\u00f3n 12 Voltios o 220 Voltios. Dimensiones exteriores: 980 mm x 1000 mm x 230 mm (grupo fr\u00edo) x 1110 mm. Entregado con certificado de conformidad \u00abATP\u00bb. Peso: 117 kg. Cajoneras adicionales individuales (ref. 190BDA) o con fijaciones (ref. 190BCI), cable para poder mover el caj\u00f3n (ref. 190BGA) en opci\u00f3n.<\/p>\n","protected":false},"excerpt":{"rendered":"<p>32957<\/p>\n","protected":false},"featured_media":0,"comment_status":"closed","ping_status":"closed","template":"","meta":{"_acf_changed":false},"product_brand":[],"product_cat":[1600],"product_tag":[],"class_list":{"0":"post-32957","1":"product","2":"type-product","3":"status-publish","5":"product_cat-cajas-isotermas-refrigeradas","7":"first","8":"onbackorder","9":"taxable","10":"shipping-taxable","11":"purchasable","12":"product-type-simple"},"acf":[],"_links":{"self":[{"href":"https:\/\/www.coquard.fr\/es\/wp-json\/wp\/v2\/product\/32957","targetHints":{"allow":["GET"]}}],"collection":[{"href":"https:\/\/www.coquard.fr\/es\/wp-json\/wp\/v2\/product"}],"about":[{"href":"https:\/\/www.coquard.fr\/es\/wp-json\/wp\/v2\/types\/product"}],"replies":[{"embeddable":true,"href":"https:\/\/www.coquard.fr\/es\/wp-json\/wp\/v2\/comments?post=32957"}],"wp:attachment":[{"href":"https:\/\/www.coquard.fr\/es\/wp-json\/wp\/v2\/media?parent=32957"}],"wp:term":[{"taxonomy":"product_brand","embeddable":true,"href":"https:\/\/www.coquard.fr\/es\/wp-json\/wp\/v2\/product_brand?post=32957"},{"taxonomy":"product_cat","embeddable":true,"href":"https:\/\/www.coquard.fr\/es\/wp-json\/wp\/v2\/product_cat?post=32957"},{"taxonomy":"product_tag","embeddable":true,"href":"https:\/\/www.coquard.fr\/es\/wp-json\/wp\/v2\/product_tag?post=32957"}],"curies":[{"name":"wp","href":"https:\/\/api.w.org\/{rel}","templated":true}]}}