{"id":32955,"date":"2020-07-17T11:19:45","date_gmt":"2020-07-17T09:19:45","guid":{"rendered":"https:\/\/www.coquard.fr\/produit\/caisson-956-litres-refrigere"},"modified":"2026-05-04T22:42:34","modified_gmt":"2026-05-04T20:42:34","slug":"caisson-956-litres-refrigere","status":"publish","type":"product","link":"https:\/\/www.coquard.fr\/es\/produit\/caisson-956-litres-refrigere","title":{"rendered":"CAJ\u00d3N FRIGOR\u00cdFICO AMOVIBLE CAR0800"},"content":{"rendered":"<p>Caj\u00f3n refrigerado de transporte con una capacidad de 956 litros y montable en los siguiente veh\u00edculos: Berlingot largo, Jumpy, Partner largo, Kangoo largo, Expert, Scudo (comprobar atentamente las cotas de su veh\u00edculo). De poli\u00e9ster, aislamiento 80 mm. Plataforma de acero inoxidable. Alimentaci\u00f3n 12 Voltios o 220 Voltios. Dimensiones exteriores: 980 mm x 1400 mm x 1110 mm. Entregado con certificado de conformidad \u00abATP\u00bb. Peso: 133 kg. Cajoneras adicionales individuales (ref. 190BDA) o con fijaciones (ref. 190BCI), cable para poder mover el caj\u00f3n (ref. 190BGA) en opci\u00f3n.<\/p>\n","protected":false},"excerpt":{"rendered":"<p>32955<\/p>\n","protected":false},"featured_media":0,"comment_status":"closed","ping_status":"closed","template":"","meta":{"_acf_changed":false},"product_brand":[],"product_cat":[1600],"product_tag":[],"class_list":{"0":"post-32955","1":"product","2":"type-product","3":"status-publish","5":"product_cat-cajas-isotermas-refrigeradas","7":"first","8":"onbackorder","9":"taxable","10":"shipping-taxable","11":"purchasable","12":"product-type-simple"},"acf":[],"yoast_head":"<!-- This site is optimized with the Yoast SEO plugin v27.5 - https:\/\/yoast.com\/product\/yoast-seo-wordpress\/ -->\n<title>CAJ\u00d3N FRIGOR\u00cdFICO AMOVIBLE CAR0800 - Ets Coquard<\/title>\n<meta name=\"robots\" content=\"index, follow, max-snippet:-1, max-image-preview:large, max-video-preview:-1\" \/>\n<link rel=\"canonical\" href=\"https:\/\/www.coquard.fr\/produit\/caisson-956-litres-refrigere\" \/>\n<meta property=\"og:locale\" content=\"es_ES\" \/>\n<meta property=\"og:type\" content=\"article\" \/>\n<meta property=\"og:title\" content=\"CAJ\u00d3N FRIGOR\u00cdFICO AMOVIBLE CAR0800 - Ets Coquard\" \/>\n<meta property=\"og:description\" content=\"32955\" \/>\n<meta property=\"og:url\" content=\"https:\/\/www.coquard.fr\/produit\/caisson-956-litres-refrigere\" \/>\n<meta property=\"og:site_name\" content=\"Ets Coquard\" \/>\n<meta property=\"article:modified_time\" content=\"2026-05-04T20:42:34+00:00\" \/>\n<meta name=\"twitter:card\" content=\"summary_large_image\" \/>\n<script type=\"application\/ld+json\" class=\"yoast-schema-graph\">{\"@context\":\"https:\\\/\\\/schema.org\",\"@graph\":[{\"@type\":\"WebPage\",\"@id\":\"https:\\\/\\\/www.coquard.fr\\\/produit\\\/caisson-956-litres-refrigere\",\"url\":\"https:\\\/\\\/www.coquard.fr\\\/produit\\\/caisson-956-litres-refrigere\",\"name\":\"CAJ\u00d3N FRIGOR\u00cdFICO AMOVIBLE CAR0800 - Ets Coquard\",\"isPartOf\":{\"@id\":\"https:\\\/\\\/www.coquard.fr\\\/#website\"},\"datePublished\":\"2020-07-17T09:19:45+00:00\",\"dateModified\":\"2026-05-04T20:42:34+00:00\",\"breadcrumb\":{\"@id\":\"https:\\\/\\\/www.coquard.fr\\\/produit\\\/caisson-956-litres-refrigere#breadcrumb\"},\"inLanguage\":\"es\",\"potentialAction\":[{\"@type\":\"ReadAction\",\"target\":[\"https:\\\/\\\/www.coquard.fr\\\/produit\\\/caisson-956-litres-refrigere\"]}]},{\"@type\":\"BreadcrumbList\",\"@id\":\"https:\\\/\\\/www.coquard.fr\\\/produit\\\/caisson-956-litres-refrigere#breadcrumb\",\"itemListElement\":[{\"@type\":\"ListItem\",\"position\":1,\"name\":\"Home\",\"item\":\"https:\\\/\\\/www.coquard.fr\\\/es\"},{\"@type\":\"ListItem\",\"position\":2,\"name\":\"Tienda\",\"item\":\"https:\\\/\\\/www.coquard.fr\\\/es\\\/tienda\"},{\"@type\":\"ListItem\",\"position\":3,\"name\":\"CAJ\u00d3N FRIGOR\u00cdFICO AMOVIBLE CAR0800\"}]},{\"@type\":\"WebSite\",\"@id\":\"https:\\\/\\\/www.coquard.fr\\\/#website\",\"url\":\"https:\\\/\\\/www.coquard.fr\\\/\",\"name\":\"Ets Coquard\",\"description\":\"Equipements fromagerie fermi\u00e8re\",\"publisher\":{\"@id\":\"https:\\\/\\\/www.coquard.fr\\\/#organization\"},\"potentialAction\":[{\"@type\":\"SearchAction\",\"target\":{\"@type\":\"EntryPoint\",\"urlTemplate\":\"https:\\\/\\\/www.coquard.fr\\\/?s={search_term_string}\"},\"query-input\":{\"@type\":\"PropertyValueSpecification\",\"valueRequired\":true,\"valueName\":\"search_term_string\"}}],\"inLanguage\":\"es\"},{\"@type\":\"Organization\",\"@id\":\"https:\\\/\\\/www.coquard.fr\\\/#organization\",\"name\":\"Coquard\",\"url\":\"https:\\\/\\\/www.coquard.fr\\\/\",\"logo\":{\"@type\":\"ImageObject\",\"inLanguage\":\"es\",\"@id\":\"https:\\\/\\\/www.coquard.fr\\\/#\\\/schema\\\/logo\\\/image\\\/\",\"url\":\"https:\\\/\\\/www.coquard.fr\\\/wp-content\\\/uploads\\\/cropped-logo-coquard-quadri-fond-blanc.png\",\"contentUrl\":\"https:\\\/\\\/www.coquard.fr\\\/wp-content\\\/uploads\\\/cropped-logo-coquard-quadri-fond-blanc.png\",\"width\":1824,\"height\":701,\"caption\":\"Coquard\"},\"image\":{\"@id\":\"https:\\\/\\\/www.coquard.fr\\\/#\\\/schema\\\/logo\\\/image\\\/\"}}]}<\/script>\n<!-- \/ Yoast SEO plugin. -->","yoast_head_json":{"title":"CAJ\u00d3N FRIGOR\u00cdFICO AMOVIBLE CAR0800 - Ets Coquard","robots":{"index":"index","follow":"follow","max-snippet":"max-snippet:-1","max-image-preview":"max-image-preview:large","max-video-preview":"max-video-preview:-1"},"canonical":"https:\/\/www.coquard.fr\/produit\/caisson-956-litres-refrigere","og_locale":"es_ES","og_type":"article","og_title":"CAJ\u00d3N FRIGOR\u00cdFICO AMOVIBLE CAR0800 - Ets Coquard","og_description":"32955","og_url":"https:\/\/www.coquard.fr\/produit\/caisson-956-litres-refrigere","og_site_name":"Ets Coquard","article_modified_time":"2026-05-04T20:42:34+00:00","twitter_card":"summary_large_image","schema":{"@context":"https:\/\/schema.org","@graph":[{"@type":"WebPage","@id":"https:\/\/www.coquard.fr\/produit\/caisson-956-litres-refrigere","url":"https:\/\/www.coquard.fr\/produit\/caisson-956-litres-refrigere","name":"CAJ\u00d3N FRIGOR\u00cdFICO AMOVIBLE CAR0800 - Ets Coquard","isPartOf":{"@id":"https:\/\/www.coquard.fr\/#website"},"datePublished":"2020-07-17T09:19:45+00:00","dateModified":"2026-05-04T20:42:34+00:00","breadcrumb":{"@id":"https:\/\/www.coquard.fr\/produit\/caisson-956-litres-refrigere#breadcrumb"},"inLanguage":"es","potentialAction":[{"@type":"ReadAction","target":["https:\/\/www.coquard.fr\/produit\/caisson-956-litres-refrigere"]}]},{"@type":"BreadcrumbList","@id":"https:\/\/www.coquard.fr\/produit\/caisson-956-litres-refrigere#breadcrumb","itemListElement":[{"@type":"ListItem","position":1,"name":"Home","item":"https:\/\/www.coquard.fr\/es"},{"@type":"ListItem","position":2,"name":"Tienda","item":"https:\/\/www.coquard.fr\/es\/tienda"},{"@type":"ListItem","position":3,"name":"CAJ\u00d3N FRIGOR\u00cdFICO AMOVIBLE CAR0800"}]},{"@type":"WebSite","@id":"https:\/\/www.coquard.fr\/#website","url":"https:\/\/www.coquard.fr\/","name":"Ets Coquard","description":"Equipements fromagerie fermi\u00e8re","publisher":{"@id":"https:\/\/www.coquard.fr\/#organization"},"potentialAction":[{"@type":"SearchAction","target":{"@type":"EntryPoint","urlTemplate":"https:\/\/www.coquard.fr\/?s={search_term_string}"},"query-input":{"@type":"PropertyValueSpecification","valueRequired":true,"valueName":"search_term_string"}}],"inLanguage":"es"},{"@type":"Organization","@id":"https:\/\/www.coquard.fr\/#organization","name":"Coquard","url":"https:\/\/www.coquard.fr\/","logo":{"@type":"ImageObject","inLanguage":"es","@id":"https:\/\/www.coquard.fr\/#\/schema\/logo\/image\/","url":"https:\/\/www.coquard.fr\/wp-content\/uploads\/cropped-logo-coquard-quadri-fond-blanc.png","contentUrl":"https:\/\/www.coquard.fr\/wp-content\/uploads\/cropped-logo-coquard-quadri-fond-blanc.png","width":1824,"height":701,"caption":"Coquard"},"image":{"@id":"https:\/\/www.coquard.fr\/#\/schema\/logo\/image\/"}}]}},"_links":{"self":[{"href":"https:\/\/www.coquard.fr\/es\/wp-json\/wp\/v2\/product\/32955","targetHints":{"allow":["GET"]}}],"collection":[{"href":"https:\/\/www.coquard.fr\/es\/wp-json\/wp\/v2\/product"}],"about":[{"href":"https:\/\/www.coquard.fr\/es\/wp-json\/wp\/v2\/types\/product"}],"replies":[{"embeddable":true,"href":"https:\/\/www.coquard.fr\/es\/wp-json\/wp\/v2\/comments?post=32955"}],"wp:attachment":[{"href":"https:\/\/www.coquard.fr\/es\/wp-json\/wp\/v2\/media?parent=32955"}],"wp:term":[{"taxonomy":"product_brand","embeddable":true,"href":"https:\/\/www.coquard.fr\/es\/wp-json\/wp\/v2\/product_brand?post=32955"},{"taxonomy":"product_cat","embeddable":true,"href":"https:\/\/www.coquard.fr\/es\/wp-json\/wp\/v2\/product_cat?post=32955"},{"taxonomy":"product_tag","embeddable":true,"href":"https:\/\/www.coquard.fr\/es\/wp-json\/wp\/v2\/product_tag?post=32955"}],"curies":[{"name":"wp","href":"https:\/\/api.w.org\/{rel}","templated":true}]}}