{"id":32753,"date":"2020-07-17T11:14:10","date_gmt":"2020-07-17T09:14:10","guid":{"rendered":"https:\/\/www.coquard.fr\/produit\/ecouvillon-bleu-dia-30-mm"},"modified":"2026-01-08T15:31:43","modified_gmt":"2026-01-08T14:31:43","slug":"ecouvillon-bleu-dia-30-mm","status":"publish","type":"product","link":"https:\/\/www.coquard.fr\/es\/produit\/ecouvillon-bleu-dia-30-mm","title":{"rendered":"ESCOBILLA DI\u00c0METRO 30 MM"},"content":{"rendered":"<p>Escobilla azul di\u00e1metro 30 mm para la limpieza de tubos. V\u00e1stago de acero inoxidable.<\/p>\n","protected":false},"excerpt":{"rendered":"<p>32753<\/p>\n","protected":false},"featured_media":22130,"comment_status":"closed","ping_status":"closed","template":"","meta":{"_acf_changed":false},"product_brand":[],"product_cat":[1582],"product_tag":[],"class_list":{"0":"post-32753","1":"product","2":"type-product","3":"status-publish","4":"has-post-thumbnail","6":"product_cat-cepillos","8":"first","9":"instock","10":"taxable","11":"shipping-taxable","12":"purchasable","13":"product-type-simple"},"acf":[],"_links":{"self":[{"href":"https:\/\/www.coquard.fr\/es\/wp-json\/wp\/v2\/product\/32753","targetHints":{"allow":["GET"]}}],"collection":[{"href":"https:\/\/www.coquard.fr\/es\/wp-json\/wp\/v2\/product"}],"about":[{"href":"https:\/\/www.coquard.fr\/es\/wp-json\/wp\/v2\/types\/product"}],"replies":[{"embeddable":true,"href":"https:\/\/www.coquard.fr\/es\/wp-json\/wp\/v2\/comments?post=32753"}],"wp:featuredmedia":[{"embeddable":true,"href":"https:\/\/www.coquard.fr\/es\/wp-json\/wp\/v2\/media\/22130"}],"wp:attachment":[{"href":"https:\/\/www.coquard.fr\/es\/wp-json\/wp\/v2\/media?parent=32753"}],"wp:term":[{"taxonomy":"product_brand","embeddable":true,"href":"https:\/\/www.coquard.fr\/es\/wp-json\/wp\/v2\/product_brand?post=32753"},{"taxonomy":"product_cat","embeddable":true,"href":"https:\/\/www.coquard.fr\/es\/wp-json\/wp\/v2\/product_cat?post=32753"},{"taxonomy":"product_tag","embeddable":true,"href":"https:\/\/www.coquard.fr\/es\/wp-json\/wp\/v2\/product_tag?post=32753"}],"curies":[{"name":"wp","href":"https:\/\/api.w.org\/{rel}","templated":true}]}}