{"id":32717,"date":"2020-07-17T11:13:05","date_gmt":"2020-07-17T09:13:05","guid":{"rendered":"https:\/\/www.coquard.fr\/produit\/canon-a-mousse-24-litres-cuves-inox"},"modified":"2026-01-08T15:30:26","modified_gmt":"2026-01-08T14:30:26","slug":"canon-a-mousse-24-litres-cuves-inox","status":"publish","type":"product","link":"https:\/\/www.coquard.fr\/es\/produit\/canon-a-mousse-24-litres-cuves-inox","title":{"rendered":"CA\u00d1\u00d3N DE ESPUMA DE ACERO INOXIDABLE 24 LITROS"},"content":{"rendered":"<p>Ca\u00f1\u00f3n de espuma funciona con aire comprimido. Incluye un man\u00f3metro, una lanza de acero inoxidable de 75 cm + tubo de 9 metros.<\/p>\n","protected":false},"excerpt":{"rendered":"<p>32717<\/p>\n","protected":false},"featured_media":21566,"comment_status":"closed","ping_status":"closed","template":"","meta":{"_acf_changed":false},"product_brand":[],"product_cat":[1453],"product_tag":[],"class_list":{"0":"post-32717","1":"product","2":"type-product","3":"status-publish","4":"has-post-thumbnail","6":"product_cat-material-de-limpieza","8":"first","9":"instock","10":"taxable","11":"shipping-taxable","12":"purchasable","13":"product-type-simple"},"acf":[],"_links":{"self":[{"href":"https:\/\/www.coquard.fr\/es\/wp-json\/wp\/v2\/product\/32717","targetHints":{"allow":["GET"]}}],"collection":[{"href":"https:\/\/www.coquard.fr\/es\/wp-json\/wp\/v2\/product"}],"about":[{"href":"https:\/\/www.coquard.fr\/es\/wp-json\/wp\/v2\/types\/product"}],"replies":[{"embeddable":true,"href":"https:\/\/www.coquard.fr\/es\/wp-json\/wp\/v2\/comments?post=32717"}],"wp:featuredmedia":[{"embeddable":true,"href":"https:\/\/www.coquard.fr\/es\/wp-json\/wp\/v2\/media\/21566"}],"wp:attachment":[{"href":"https:\/\/www.coquard.fr\/es\/wp-json\/wp\/v2\/media?parent=32717"}],"wp:term":[{"taxonomy":"product_brand","embeddable":true,"href":"https:\/\/www.coquard.fr\/es\/wp-json\/wp\/v2\/product_brand?post=32717"},{"taxonomy":"product_cat","embeddable":true,"href":"https:\/\/www.coquard.fr\/es\/wp-json\/wp\/v2\/product_cat?post=32717"},{"taxonomy":"product_tag","embeddable":true,"href":"https:\/\/www.coquard.fr\/es\/wp-json\/wp\/v2\/product_tag?post=32717"}],"curies":[{"name":"wp","href":"https:\/\/api.w.org\/{rel}","templated":true}]}}