{"id":32703,"date":"2020-07-17T11:12:44","date_gmt":"2020-07-17T09:12:44","guid":{"rendered":"https:\/\/www.coquard.fr\/produit\/plonge-inox-2-bacs-a-gauche-egouttoir"},"modified":"2026-01-08T15:29:44","modified_gmt":"2026-01-08T14:29:44","slug":"plonge-inox-2-bacs-a-gauche-egouttoir","status":"publish","type":"product","link":"https:\/\/www.coquard.fr\/es\/produit\/plonge-inox-2-bacs-a-gauche-egouttoir","title":{"rendered":"FREGADERO DE +2 PILETAS A LA IZQUIERDA + ESCURRIDOR"},"content":{"rendered":"<p>Fregadero todo de acero inoxidable, salvo manomando. Longitud 1600 mm, profundidad 700 mm, altura 850 mm. Incluye 2 pilas de 500 mm x 500 mm x profundidad 300 mm con desag\u00fce, tubo vertedor y sif\u00f3n de pl\u00e1stico. Escurridor situado a la derecha de las pilas. Estante bajo incluido. Conjunto entregado desmontado.<\/p>\n","protected":false},"excerpt":{"rendered":"<p>32703<\/p>\n","protected":false},"featured_media":22286,"comment_status":"closed","ping_status":"closed","template":"","meta":{"_acf_changed":false},"product_brand":[],"product_cat":[1453],"product_tag":[],"class_list":{"0":"post-32703","1":"product","2":"type-product","3":"status-publish","4":"has-post-thumbnail","6":"product_cat-material-de-limpieza","8":"first","9":"instock","10":"taxable","11":"shipping-taxable","12":"purchasable","13":"product-type-simple"},"acf":[],"_links":{"self":[{"href":"https:\/\/www.coquard.fr\/es\/wp-json\/wp\/v2\/product\/32703","targetHints":{"allow":["GET"]}}],"collection":[{"href":"https:\/\/www.coquard.fr\/es\/wp-json\/wp\/v2\/product"}],"about":[{"href":"https:\/\/www.coquard.fr\/es\/wp-json\/wp\/v2\/types\/product"}],"replies":[{"embeddable":true,"href":"https:\/\/www.coquard.fr\/es\/wp-json\/wp\/v2\/comments?post=32703"}],"wp:featuredmedia":[{"embeddable":true,"href":"https:\/\/www.coquard.fr\/es\/wp-json\/wp\/v2\/media\/22286"}],"wp:attachment":[{"href":"https:\/\/www.coquard.fr\/es\/wp-json\/wp\/v2\/media?parent=32703"}],"wp:term":[{"taxonomy":"product_brand","embeddable":true,"href":"https:\/\/www.coquard.fr\/es\/wp-json\/wp\/v2\/product_brand?post=32703"},{"taxonomy":"product_cat","embeddable":true,"href":"https:\/\/www.coquard.fr\/es\/wp-json\/wp\/v2\/product_cat?post=32703"},{"taxonomy":"product_tag","embeddable":true,"href":"https:\/\/www.coquard.fr\/es\/wp-json\/wp\/v2\/product_tag?post=32703"}],"curies":[{"name":"wp","href":"https:\/\/api.w.org\/{rel}","templated":true}]}}