{"id":32697,"date":"2020-07-17T11:12:35","date_gmt":"2020-07-17T09:12:35","guid":{"rendered":"https:\/\/www.coquard.fr\/produit\/laveuse-de-materiel-grande-capacite"},"modified":"2026-03-09T20:03:23","modified_gmt":"2026-03-09T19:03:23","slug":"laveuse-de-materiel-grande-capacite","status":"publish","type":"product","link":"https:\/\/www.coquard.fr\/es\/produit\/laveuse-de-materiel-grande-capacite","title":{"rendered":"LAVAVAJILLAS GRANDE ANCHURA"},"content":{"rendered":"<p>Lavavajillas adaptado para el lavado del material de queser\u00eda, como las cubas de coagulaci\u00f3n 200 litros. Fabricaci\u00f3n completa en acero inoxidable, doble pared. Apertura doble guillotina y con balanc\u00edn que facilita la apertura de la puerta. Alimentaci\u00f3n trif\u00e1sica 400 Voltios\/50 Hz, 3 cables + neutro + tierra. Entregada con 1 cesta de acero inoxidable.<\/p>\n","protected":false},"excerpt":{"rendered":"<p>32697<\/p>\n","protected":false},"featured_media":21551,"comment_status":"closed","ping_status":"closed","template":"","meta":{"_acf_changed":false},"product_brand":[],"product_cat":[1586],"product_tag":[],"class_list":{"0":"post-32697","1":"product","2":"type-product","3":"status-publish","4":"has-post-thumbnail","6":"product_cat-lavadora-de-queseria","8":"first","9":"onbackorder","10":"taxable","11":"shipping-taxable","12":"purchasable","13":"product-type-simple"},"acf":[],"_links":{"self":[{"href":"https:\/\/www.coquard.fr\/es\/wp-json\/wp\/v2\/product\/32697","targetHints":{"allow":["GET"]}}],"collection":[{"href":"https:\/\/www.coquard.fr\/es\/wp-json\/wp\/v2\/product"}],"about":[{"href":"https:\/\/www.coquard.fr\/es\/wp-json\/wp\/v2\/types\/product"}],"replies":[{"embeddable":true,"href":"https:\/\/www.coquard.fr\/es\/wp-json\/wp\/v2\/comments?post=32697"}],"wp:featuredmedia":[{"embeddable":true,"href":"https:\/\/www.coquard.fr\/es\/wp-json\/wp\/v2\/media\/21551"}],"wp:attachment":[{"href":"https:\/\/www.coquard.fr\/es\/wp-json\/wp\/v2\/media?parent=32697"}],"wp:term":[{"taxonomy":"product_brand","embeddable":true,"href":"https:\/\/www.coquard.fr\/es\/wp-json\/wp\/v2\/product_brand?post=32697"},{"taxonomy":"product_cat","embeddable":true,"href":"https:\/\/www.coquard.fr\/es\/wp-json\/wp\/v2\/product_cat?post=32697"},{"taxonomy":"product_tag","embeddable":true,"href":"https:\/\/www.coquard.fr\/es\/wp-json\/wp\/v2\/product_tag?post=32697"}],"curies":[{"name":"wp","href":"https:\/\/api.w.org\/{rel}","templated":true}]}}