{"id":32657,"date":"2020-07-17T11:11:41","date_gmt":"2020-07-17T09:11:41","guid":{"rendered":"https:\/\/www.coquard.fr\/produit\/fumispore-ha-15-30m3"},"modified":"2026-04-12T23:47:32","modified_gmt":"2026-04-12T21:47:32","slug":"fumispore-ha-15-30m3","status":"publish","type":"product","link":"https:\/\/www.coquard.fr\/es\/produit\/fumispore-ha-15-30m3","title":{"rendered":"FUMISPORE ULTRAD HA 15 A 30 M3"},"content":{"rendered":"<p>Permite la desinfecci\u00f3n biocida: combate hongos, bacterias y levaduras en los locales y los conductos de ventilaci\u00f3n por ultradifusi\u00f3n. No requiere ning\u00fan material espec\u00edfico. Acondicionamiento en caja de aluminio. Cumplir las normas de seguridad.<\/p>\n","protected":false},"excerpt":{"rendered":"<p>32657<\/p>\n","protected":false},"featured_media":22112,"comment_status":"closed","ping_status":"closed","template":"","meta":{"_acf_changed":false},"product_brand":[],"product_cat":[1592],"product_tag":[],"class_list":{"0":"post-32657","1":"product","2":"type-product","3":"status-publish","4":"has-post-thumbnail","6":"product_cat-productos-de-limpieza-y-higiene","8":"first","9":"instock","10":"taxable","11":"shipping-taxable","12":"purchasable","13":"product-type-simple"},"acf":[],"_links":{"self":[{"href":"https:\/\/www.coquard.fr\/es\/wp-json\/wp\/v2\/product\/32657","targetHints":{"allow":["GET"]}}],"collection":[{"href":"https:\/\/www.coquard.fr\/es\/wp-json\/wp\/v2\/product"}],"about":[{"href":"https:\/\/www.coquard.fr\/es\/wp-json\/wp\/v2\/types\/product"}],"replies":[{"embeddable":true,"href":"https:\/\/www.coquard.fr\/es\/wp-json\/wp\/v2\/comments?post=32657"}],"wp:featuredmedia":[{"embeddable":true,"href":"https:\/\/www.coquard.fr\/es\/wp-json\/wp\/v2\/media\/22112"}],"wp:attachment":[{"href":"https:\/\/www.coquard.fr\/es\/wp-json\/wp\/v2\/media?parent=32657"}],"wp:term":[{"taxonomy":"product_brand","embeddable":true,"href":"https:\/\/www.coquard.fr\/es\/wp-json\/wp\/v2\/product_brand?post=32657"},{"taxonomy":"product_cat","embeddable":true,"href":"https:\/\/www.coquard.fr\/es\/wp-json\/wp\/v2\/product_cat?post=32657"},{"taxonomy":"product_tag","embeddable":true,"href":"https:\/\/www.coquard.fr\/es\/wp-json\/wp\/v2\/product_tag?post=32657"}],"curies":[{"name":"wp","href":"https:\/\/api.w.org\/{rel}","templated":true}]}}