{"id":32649,"date":"2020-07-17T11:11:27","date_gmt":"2020-07-17T09:11:27","guid":{"rendered":"https:\/\/www.coquard.fr\/produit\/manosept-bidon-de-5-kg-prix-au-kg"},"modified":"2026-01-27T16:46:13","modified_gmt":"2026-01-27T15:46:13","slug":"manosept-bidon-de-5-kg-prix-au-kg","status":"publish","type":"product","link":"https:\/\/www.coquard.fr\/es\/produit\/manosept-bidon-de-5-kg-prix-au-kg","title":{"rendered":"RC MANOSEPT JAB\u00d3N PARA MANOS"},"content":{"rendered":"<p>Jab\u00f3n antis\u00e9ptico para manos, l\u00edquido. Descontaminante, desodorante y suavizante. Bid\u00f3n de 5 kg. Precio al kg.<\/p>\n","protected":false},"excerpt":{"rendered":"<p>32649<\/p>\n","protected":false},"featured_media":74283,"comment_status":"closed","ping_status":"closed","template":"","meta":{"_acf_changed":false},"product_brand":[],"product_cat":[1592],"product_tag":[],"class_list":{"0":"post-32649","1":"product","2":"type-product","3":"status-publish","4":"has-post-thumbnail","6":"product_cat-productos-de-limpieza-y-higiene","8":"first","9":"instock","10":"taxable","11":"shipping-taxable","12":"purchasable","13":"product-type-simple"},"acf":[],"_links":{"self":[{"href":"https:\/\/www.coquard.fr\/es\/wp-json\/wp\/v2\/product\/32649","targetHints":{"allow":["GET"]}}],"collection":[{"href":"https:\/\/www.coquard.fr\/es\/wp-json\/wp\/v2\/product"}],"about":[{"href":"https:\/\/www.coquard.fr\/es\/wp-json\/wp\/v2\/types\/product"}],"replies":[{"embeddable":true,"href":"https:\/\/www.coquard.fr\/es\/wp-json\/wp\/v2\/comments?post=32649"}],"wp:featuredmedia":[{"embeddable":true,"href":"https:\/\/www.coquard.fr\/es\/wp-json\/wp\/v2\/media\/74283"}],"wp:attachment":[{"href":"https:\/\/www.coquard.fr\/es\/wp-json\/wp\/v2\/media?parent=32649"}],"wp:term":[{"taxonomy":"product_brand","embeddable":true,"href":"https:\/\/www.coquard.fr\/es\/wp-json\/wp\/v2\/product_brand?post=32649"},{"taxonomy":"product_cat","embeddable":true,"href":"https:\/\/www.coquard.fr\/es\/wp-json\/wp\/v2\/product_cat?post=32649"},{"taxonomy":"product_tag","embeddable":true,"href":"https:\/\/www.coquard.fr\/es\/wp-json\/wp\/v2\/product_tag?post=32649"}],"curies":[{"name":"wp","href":"https:\/\/api.w.org\/{rel}","templated":true}]}}