{"id":32637,"date":"2020-07-17T11:11:11","date_gmt":"2020-07-17T09:11:11","guid":{"rendered":"https:\/\/www.coquard.fr\/produit\/lingettes-desinfectantes-sans-rincage"},"modified":"2026-01-30T13:53:37","modified_gmt":"2026-01-30T12:53:37","slug":"lingettes-desinfectantes-sans-rincage","status":"publish","type":"product","link":"https:\/\/www.coquard.fr\/es\/produit\/lingettes-desinfectantes-sans-rincage","title":{"rendered":"TOALLITAS DESINFECTANTES ARVO 21 SR"},"content":{"rendered":"<p>Toallita desinfectante de un solo uso para la desinfecci\u00f3n de superficies: m\u00e9todo seguro, r\u00e1pido y pr\u00e1ctico para aplicar una dosis apropiada de desinfectante. Aclarado facultativo. Cajas de 200 toallitas.<\/p>\n","protected":false},"excerpt":{"rendered":"<p>32637<\/p>\n","protected":false},"featured_media":21911,"comment_status":"closed","ping_status":"closed","template":"","meta":{"_acf_changed":false},"product_brand":[],"product_cat":[1592],"product_tag":[],"class_list":{"0":"post-32637","1":"product","2":"type-product","3":"status-publish","4":"has-post-thumbnail","6":"product_cat-productos-de-limpieza-y-higiene","8":"first","9":"instock","10":"taxable","11":"shipping-taxable","12":"purchasable","13":"product-type-simple"},"acf":[],"_links":{"self":[{"href":"https:\/\/www.coquard.fr\/es\/wp-json\/wp\/v2\/product\/32637","targetHints":{"allow":["GET"]}}],"collection":[{"href":"https:\/\/www.coquard.fr\/es\/wp-json\/wp\/v2\/product"}],"about":[{"href":"https:\/\/www.coquard.fr\/es\/wp-json\/wp\/v2\/types\/product"}],"replies":[{"embeddable":true,"href":"https:\/\/www.coquard.fr\/es\/wp-json\/wp\/v2\/comments?post=32637"}],"wp:featuredmedia":[{"embeddable":true,"href":"https:\/\/www.coquard.fr\/es\/wp-json\/wp\/v2\/media\/21911"}],"wp:attachment":[{"href":"https:\/\/www.coquard.fr\/es\/wp-json\/wp\/v2\/media?parent=32637"}],"wp:term":[{"taxonomy":"product_brand","embeddable":true,"href":"https:\/\/www.coquard.fr\/es\/wp-json\/wp\/v2\/product_brand?post=32637"},{"taxonomy":"product_cat","embeddable":true,"href":"https:\/\/www.coquard.fr\/es\/wp-json\/wp\/v2\/product_cat?post=32637"},{"taxonomy":"product_tag","embeddable":true,"href":"https:\/\/www.coquard.fr\/es\/wp-json\/wp\/v2\/product_tag?post=32637"}],"curies":[{"name":"wp","href":"https:\/\/api.w.org\/{rel}","templated":true}]}}