{"id":32629,"date":"2020-07-17T11:10:54","date_gmt":"2020-07-17T09:10:54","guid":{"rendered":"https:\/\/www.coquard.fr\/produit\/baso-m-32-20kg-prix-au-kg"},"modified":"2026-01-27T16:49:40","modified_gmt":"2026-01-27T15:49:40","slug":"baso-m-32-20kg-prix-au-kg","status":"publish","type":"product","link":"https:\/\/www.coquard.fr\/es\/produit\/baso-m-32-20kg-prix-au-kg","title":{"rendered":"BASO M 32 ADITIVO PARA CA\u00d1ON DE ESPUMA"},"content":{"rendered":"<p>Adyuvante de limpieza autoespumante (l\u00edquido). Uso: ca\u00f1\u00f3n de espuma. Dosificaci\u00f3n a 2\u00a0% con detergente o desinfectante \u00e1cido o alcalino. Temperatura de uso entre 25 y 30\u00b0C. Bid\u00f3n de 20 kg. Precio al kg.<\/p>\n","protected":false},"excerpt":{"rendered":"<p>32629<\/p>\n","protected":false},"featured_media":21503,"comment_status":"closed","ping_status":"closed","template":"","meta":{"_acf_changed":false},"product_brand":[],"product_cat":[1592],"product_tag":[],"class_list":{"0":"post-32629","1":"product","2":"type-product","3":"status-publish","4":"has-post-thumbnail","6":"product_cat-productos-de-limpieza-y-higiene","8":"first","9":"instock","10":"taxable","11":"shipping-taxable","12":"purchasable","13":"product-type-simple"},"acf":[],"_links":{"self":[{"href":"https:\/\/www.coquard.fr\/es\/wp-json\/wp\/v2\/product\/32629","targetHints":{"allow":["GET"]}}],"collection":[{"href":"https:\/\/www.coquard.fr\/es\/wp-json\/wp\/v2\/product"}],"about":[{"href":"https:\/\/www.coquard.fr\/es\/wp-json\/wp\/v2\/types\/product"}],"replies":[{"embeddable":true,"href":"https:\/\/www.coquard.fr\/es\/wp-json\/wp\/v2\/comments?post=32629"}],"wp:featuredmedia":[{"embeddable":true,"href":"https:\/\/www.coquard.fr\/es\/wp-json\/wp\/v2\/media\/21503"}],"wp:attachment":[{"href":"https:\/\/www.coquard.fr\/es\/wp-json\/wp\/v2\/media?parent=32629"}],"wp:term":[{"taxonomy":"product_brand","embeddable":true,"href":"https:\/\/www.coquard.fr\/es\/wp-json\/wp\/v2\/product_brand?post=32629"},{"taxonomy":"product_cat","embeddable":true,"href":"https:\/\/www.coquard.fr\/es\/wp-json\/wp\/v2\/product_cat?post=32629"},{"taxonomy":"product_tag","embeddable":true,"href":"https:\/\/www.coquard.fr\/es\/wp-json\/wp\/v2\/product_tag?post=32629"}],"curies":[{"name":"wp","href":"https:\/\/api.w.org\/{rel}","templated":true}]}}