{"id":32579,"date":"2020-07-17T11:09:13","date_gmt":"2020-07-17T09:09:13","guid":{"rendered":"https:\/\/www.coquard.fr\/produit\/rehausse-plast-coulommier-dia-130-mm"},"modified":"2026-01-08T15:25:23","modified_gmt":"2026-01-08T14:25:23","slug":"rehausse-plast-coulommier-dia-130-mm","status":"publish","type":"product","link":"https:\/\/www.coquard.fr\/es\/produit\/rehausse-plast-coulommier-dia-130-mm","title":{"rendered":"REALZA PARA MULTIMOLDE REF 060DAJ"},"content":{"rendered":"<p>Bloque de realce que permite aumentar 35 mm la altura de moldeo de quesos de tipo pasta blanda, Brillat o Coulommiers. Se utiliza con el bloque de moldes Ref. 060DAI (sin fondo). Realce sin fondo ni varillas de prensi\u00f3n, 4 x 3 orificios, di\u00e1metro 130 mm. Dimensiones 585 mm x 465 mm, altura 35 mm. Perforaci\u00f3n opcional (Ref. 060DBF).<\/p>\n","protected":false},"excerpt":{"rendered":"<p>32579<\/p>\n","protected":false},"featured_media":24923,"comment_status":"closed","ping_status":"closed","template":"","meta":{"_acf_changed":false},"product_brand":[],"product_cat":[1537],"product_tag":[],"class_list":{"0":"post-32579","1":"product","2":"type-product","3":"status-publish","4":"has-post-thumbnail","6":"product_cat-multimoldes","8":"first","9":"instock","10":"taxable","11":"shipping-taxable","12":"purchasable","13":"product-type-simple"},"acf":[],"_links":{"self":[{"href":"https:\/\/www.coquard.fr\/es\/wp-json\/wp\/v2\/product\/32579","targetHints":{"allow":["GET"]}}],"collection":[{"href":"https:\/\/www.coquard.fr\/es\/wp-json\/wp\/v2\/product"}],"about":[{"href":"https:\/\/www.coquard.fr\/es\/wp-json\/wp\/v2\/types\/product"}],"replies":[{"embeddable":true,"href":"https:\/\/www.coquard.fr\/es\/wp-json\/wp\/v2\/comments?post=32579"}],"wp:featuredmedia":[{"embeddable":true,"href":"https:\/\/www.coquard.fr\/es\/wp-json\/wp\/v2\/media\/24923"}],"wp:attachment":[{"href":"https:\/\/www.coquard.fr\/es\/wp-json\/wp\/v2\/media?parent=32579"}],"wp:term":[{"taxonomy":"product_brand","embeddable":true,"href":"https:\/\/www.coquard.fr\/es\/wp-json\/wp\/v2\/product_brand?post=32579"},{"taxonomy":"product_cat","embeddable":true,"href":"https:\/\/www.coquard.fr\/es\/wp-json\/wp\/v2\/product_cat?post=32579"},{"taxonomy":"product_tag","embeddable":true,"href":"https:\/\/www.coquard.fr\/es\/wp-json\/wp\/v2\/product_tag?post=32579"}],"curies":[{"name":"wp","href":"https:\/\/api.w.org\/{rel}","templated":true}]}}