{"id":32577,"date":"2020-07-17T11:09:10","date_gmt":"2020-07-17T09:09:10","guid":{"rendered":"https:\/\/www.coquard.fr\/produit\/bloc-moule-plast-coulommier-dia-130-mm"},"modified":"2026-01-08T15:25:19","modified_gmt":"2026-01-08T14:25:19","slug":"bloc-moule-plast-coulommier-dia-130-mm","status":"publish","type":"product","link":"https:\/\/www.coquard.fr\/es\/produit\/bloc-moule-plast-coulommier-dia-130-mm","title":{"rendered":"MULTIMOLDE SIN FONDO 4X3 AGUJEROS DIAMETRO 130 mm"},"content":{"rendered":"<p>Bloque de moldes que permite el moldeo y el volteo de 12 quesos de tipo pasta blanda, Brillat o Coulommiers. Sin fondo, sin varilla de prensi\u00f3n. 4 x 3 orificios de di\u00e1metro 130 mm. Dimensiones 585 mm x 465 mm, altura 75 mm. Perforaci\u00f3n opcional (Ref. 060DBE). Se utiliza con el realce Ref. 060DAJ y el distribuidor Ref. 043NRA.<\/p>\n","protected":false},"excerpt":{"rendered":"<p>32577<\/p>\n","protected":false},"featured_media":25439,"comment_status":"closed","ping_status":"closed","template":"","meta":{"_acf_changed":false},"product_brand":[],"product_cat":[1537],"product_tag":[],"class_list":{"0":"post-32577","1":"product","2":"type-product","3":"status-publish","4":"has-post-thumbnail","6":"product_cat-multimoldes","8":"first","9":"instock","10":"taxable","11":"shipping-taxable","12":"purchasable","13":"product-type-simple"},"acf":[],"_links":{"self":[{"href":"https:\/\/www.coquard.fr\/es\/wp-json\/wp\/v2\/product\/32577","targetHints":{"allow":["GET"]}}],"collection":[{"href":"https:\/\/www.coquard.fr\/es\/wp-json\/wp\/v2\/product"}],"about":[{"href":"https:\/\/www.coquard.fr\/es\/wp-json\/wp\/v2\/types\/product"}],"replies":[{"embeddable":true,"href":"https:\/\/www.coquard.fr\/es\/wp-json\/wp\/v2\/comments?post=32577"}],"wp:featuredmedia":[{"embeddable":true,"href":"https:\/\/www.coquard.fr\/es\/wp-json\/wp\/v2\/media\/25439"}],"wp:attachment":[{"href":"https:\/\/www.coquard.fr\/es\/wp-json\/wp\/v2\/media?parent=32577"}],"wp:term":[{"taxonomy":"product_brand","embeddable":true,"href":"https:\/\/www.coquard.fr\/es\/wp-json\/wp\/v2\/product_brand?post=32577"},{"taxonomy":"product_cat","embeddable":true,"href":"https:\/\/www.coquard.fr\/es\/wp-json\/wp\/v2\/product_cat?post=32577"},{"taxonomy":"product_tag","embeddable":true,"href":"https:\/\/www.coquard.fr\/es\/wp-json\/wp\/v2\/product_tag?post=32577"}],"curies":[{"name":"wp","href":"https:\/\/api.w.org\/{rel}","templated":true}]}}