{"id":32575,"date":"2020-07-17T11:09:05","date_gmt":"2020-07-17T09:09:05","guid":{"rendered":"https:\/\/www.coquard.fr\/produit\/rehausse-plast-camembert-dia-107"},"modified":"2026-01-08T15:25:16","modified_gmt":"2026-01-08T14:25:16","slug":"rehausse-plast-camembert-dia-107","status":"publish","type":"product","link":"https:\/\/www.coquard.fr\/es\/produit\/rehausse-plast-camembert-dia-107","title":{"rendered":"REALZA PARA MULTIMOLDES REF 060DAG"},"content":{"rendered":"<p>Bloque de realce que permite aumentar 35 mm la altura de moldeo de quesos de tipo Camembert. Se utiliza con el bloque de moldes Ref. 060DAG (sin fondo). Realce sin fondo ni varillas de prensi\u00f3n, 4 x 5 orificios, di\u00e1metro 107 mm. Dimensiones 575 mm x 460 mm, altura 35 mm. Perforaci\u00f3n opcional (Ref. 060DBB).<\/p>\n","protected":false},"excerpt":{"rendered":"<p>32575<\/p>\n","protected":false},"featured_media":24920,"comment_status":"closed","ping_status":"closed","template":"","meta":{"_acf_changed":false},"product_brand":[],"product_cat":[1537],"product_tag":[],"class_list":{"0":"post-32575","1":"product","2":"type-product","3":"status-publish","4":"has-post-thumbnail","6":"product_cat-multimoldes","8":"first","9":"instock","10":"taxable","11":"shipping-taxable","12":"purchasable","13":"product-type-simple"},"acf":[],"_links":{"self":[{"href":"https:\/\/www.coquard.fr\/es\/wp-json\/wp\/v2\/product\/32575","targetHints":{"allow":["GET"]}}],"collection":[{"href":"https:\/\/www.coquard.fr\/es\/wp-json\/wp\/v2\/product"}],"about":[{"href":"https:\/\/www.coquard.fr\/es\/wp-json\/wp\/v2\/types\/product"}],"replies":[{"embeddable":true,"href":"https:\/\/www.coquard.fr\/es\/wp-json\/wp\/v2\/comments?post=32575"}],"wp:featuredmedia":[{"embeddable":true,"href":"https:\/\/www.coquard.fr\/es\/wp-json\/wp\/v2\/media\/24920"}],"wp:attachment":[{"href":"https:\/\/www.coquard.fr\/es\/wp-json\/wp\/v2\/media?parent=32575"}],"wp:term":[{"taxonomy":"product_brand","embeddable":true,"href":"https:\/\/www.coquard.fr\/es\/wp-json\/wp\/v2\/product_brand?post=32575"},{"taxonomy":"product_cat","embeddable":true,"href":"https:\/\/www.coquard.fr\/es\/wp-json\/wp\/v2\/product_cat?post=32575"},{"taxonomy":"product_tag","embeddable":true,"href":"https:\/\/www.coquard.fr\/es\/wp-json\/wp\/v2\/product_tag?post=32575"}],"curies":[{"name":"wp","href":"https:\/\/api.w.org\/{rel}","templated":true}]}}