{"id":32571,"date":"2020-07-17T11:08:55","date_gmt":"2020-07-17T09:08:55","guid":{"rendered":"https:\/\/www.coquard.fr\/produit\/rehausse-plast-fromage-1-5-a-2kg"},"modified":"2026-01-08T15:25:09","modified_gmt":"2026-01-08T14:25:09","slug":"rehausse-plast-fromage-1-5-a-2kg","status":"publish","type":"product","link":"https:\/\/www.coquard.fr\/es\/produit\/rehausse-plast-fromage-1-5-a-2kg","title":{"rendered":"REALZA PARA MULTIMOLDE REF 060DAC"},"content":{"rendered":"<p>Bloque de realce que permite aumentar 40 mm la altura de moldeo de quesos de tipo peque\u00f1o Brie o Coulommiers. Se utiliza con el bloque de moldes Ref. 060DAC (sin fondo). Realce sin fondo ni varillas de prensi\u00f3n, 2 x 2 orificios, di\u00e1metro 200 mm. Dimensiones 505 mm x 465 mm, altura 40 mm, perforaci\u00f3n de origen.<\/p>\n","protected":false},"excerpt":{"rendered":"<p>32571<\/p>\n","protected":false},"featured_media":24917,"comment_status":"closed","ping_status":"closed","template":"","meta":{"_acf_changed":false},"product_brand":[],"product_cat":[1537],"product_tag":[],"class_list":{"0":"post-32571","1":"product","2":"type-product","3":"status-publish","4":"has-post-thumbnail","6":"product_cat-multimoldes","8":"first","9":"instock","10":"taxable","11":"shipping-taxable","12":"purchasable","13":"product-type-simple"},"acf":[],"_links":{"self":[{"href":"https:\/\/www.coquard.fr\/es\/wp-json\/wp\/v2\/product\/32571","targetHints":{"allow":["GET"]}}],"collection":[{"href":"https:\/\/www.coquard.fr\/es\/wp-json\/wp\/v2\/product"}],"about":[{"href":"https:\/\/www.coquard.fr\/es\/wp-json\/wp\/v2\/types\/product"}],"replies":[{"embeddable":true,"href":"https:\/\/www.coquard.fr\/es\/wp-json\/wp\/v2\/comments?post=32571"}],"wp:featuredmedia":[{"embeddable":true,"href":"https:\/\/www.coquard.fr\/es\/wp-json\/wp\/v2\/media\/24917"}],"wp:attachment":[{"href":"https:\/\/www.coquard.fr\/es\/wp-json\/wp\/v2\/media?parent=32571"}],"wp:term":[{"taxonomy":"product_brand","embeddable":true,"href":"https:\/\/www.coquard.fr\/es\/wp-json\/wp\/v2\/product_brand?post=32571"},{"taxonomy":"product_cat","embeddable":true,"href":"https:\/\/www.coquard.fr\/es\/wp-json\/wp\/v2\/product_cat?post=32571"},{"taxonomy":"product_tag","embeddable":true,"href":"https:\/\/www.coquard.fr\/es\/wp-json\/wp\/v2\/product_tag?post=32571"}],"curies":[{"name":"wp","href":"https:\/\/api.w.org\/{rel}","templated":true}]}}