{"id":32569,"date":"2020-07-17T11:08:52","date_gmt":"2020-07-17T09:08:52","guid":{"rendered":"https:\/\/www.coquard.fr\/produit\/bloc-moule-plast-fromage-1-5a2kg"},"modified":"2026-01-08T15:25:05","modified_gmt":"2026-01-08T14:25:05","slug":"bloc-moule-plast-fromage-1-5a2kg","status":"publish","type":"product","link":"https:\/\/www.coquard.fr\/es\/produit\/bloc-moule-plast-fromage-1-5a2kg","title":{"rendered":"MULTIMOLDE SIN FONDO 2X2 AGUJEROS DIAMETRO 200 mm"},"content":{"rendered":"<p>Bloque de moldes que permite el moldeo y el volteo de cuatro quesos de tipo Peque\u00f1o Brie o Coulommiers. Sin fondo, sin varilla de prensi\u00f3n. 2 x 2 orificios di\u00e1metro 200 mm. Dimensiones 505 mm x 465 mm, altura 70 mm, perforaci\u00f3n de origen. Se utiliza con el realce Ref. 060DAD y el distribuidor Ref. 043NPA.<\/p>\n","protected":false},"excerpt":{"rendered":"<p>32569<\/p>\n","protected":false},"featured_media":25595,"comment_status":"closed","ping_status":"closed","template":"","meta":{"_acf_changed":false},"product_brand":[],"product_cat":[1537],"product_tag":[],"class_list":{"0":"post-32569","1":"product","2":"type-product","3":"status-publish","4":"has-post-thumbnail","6":"product_cat-multimoldes","8":"first","9":"instock","10":"taxable","11":"shipping-taxable","12":"purchasable","13":"product-type-simple"},"acf":[],"_links":{"self":[{"href":"https:\/\/www.coquard.fr\/es\/wp-json\/wp\/v2\/product\/32569","targetHints":{"allow":["GET"]}}],"collection":[{"href":"https:\/\/www.coquard.fr\/es\/wp-json\/wp\/v2\/product"}],"about":[{"href":"https:\/\/www.coquard.fr\/es\/wp-json\/wp\/v2\/types\/product"}],"replies":[{"embeddable":true,"href":"https:\/\/www.coquard.fr\/es\/wp-json\/wp\/v2\/comments?post=32569"}],"wp:featuredmedia":[{"embeddable":true,"href":"https:\/\/www.coquard.fr\/es\/wp-json\/wp\/v2\/media\/25595"}],"wp:attachment":[{"href":"https:\/\/www.coquard.fr\/es\/wp-json\/wp\/v2\/media?parent=32569"}],"wp:term":[{"taxonomy":"product_brand","embeddable":true,"href":"https:\/\/www.coquard.fr\/es\/wp-json\/wp\/v2\/product_brand?post=32569"},{"taxonomy":"product_cat","embeddable":true,"href":"https:\/\/www.coquard.fr\/es\/wp-json\/wp\/v2\/product_cat?post=32569"},{"taxonomy":"product_tag","embeddable":true,"href":"https:\/\/www.coquard.fr\/es\/wp-json\/wp\/v2\/product_tag?post=32569"}],"curies":[{"name":"wp","href":"https:\/\/api.w.org\/{rel}","templated":true}]}}