{"id":32559,"date":"2020-07-17T11:08:37","date_gmt":"2020-07-17T09:08:37","guid":{"rendered":"https:\/\/www.coquard.fr\/produit\/reh-bloc-moule-plas-d-105-4x5-trous"},"modified":"2026-01-08T15:24:51","modified_gmt":"2026-01-08T14:24:51","slug":"reh-bloc-moule-plas-d-105-4x5-trous","status":"publish","type":"product","link":"https:\/\/www.coquard.fr\/es\/produit\/reh-bloc-moule-plas-d-105-4x5-trous","title":{"rendered":"REALZA PARA MULTIMOLDE 060BAA"},"content":{"rendered":"<p>Bloque de realce que permite aumentar 45 mm la altura de moldeo de quesos de tipo St-F\u00e9licien, Munster o P\u00e9rail. Se utiliza con el bloque de moldes Ref. 060BAA (con fondo) o 060BDA (sin fondo). Realce sin fondo ni varillas de prensi\u00f3n, 4 x 5 orificios de di\u00e1metro 105 mm. Dimensiones 600 mm x 480 mm, altura 45 mm, perforaci\u00f3n de origen.<\/p>\n","protected":false},"excerpt":{"rendered":"<p>32559<\/p>\n","protected":false},"featured_media":24908,"comment_status":"closed","ping_status":"closed","template":"","meta":{"_acf_changed":false},"product_brand":[],"product_cat":[1537],"product_tag":[],"class_list":{"0":"post-32559","1":"product","2":"type-product","3":"status-publish","4":"has-post-thumbnail","6":"product_cat-multimoldes","8":"first","9":"instock","10":"taxable","11":"shipping-taxable","12":"purchasable","13":"product-type-simple"},"acf":[],"_links":{"self":[{"href":"https:\/\/www.coquard.fr\/es\/wp-json\/wp\/v2\/product\/32559","targetHints":{"allow":["GET"]}}],"collection":[{"href":"https:\/\/www.coquard.fr\/es\/wp-json\/wp\/v2\/product"}],"about":[{"href":"https:\/\/www.coquard.fr\/es\/wp-json\/wp\/v2\/types\/product"}],"replies":[{"embeddable":true,"href":"https:\/\/www.coquard.fr\/es\/wp-json\/wp\/v2\/comments?post=32559"}],"wp:featuredmedia":[{"embeddable":true,"href":"https:\/\/www.coquard.fr\/es\/wp-json\/wp\/v2\/media\/24908"}],"wp:attachment":[{"href":"https:\/\/www.coquard.fr\/es\/wp-json\/wp\/v2\/media?parent=32559"}],"wp:term":[{"taxonomy":"product_brand","embeddable":true,"href":"https:\/\/www.coquard.fr\/es\/wp-json\/wp\/v2\/product_brand?post=32559"},{"taxonomy":"product_cat","embeddable":true,"href":"https:\/\/www.coquard.fr\/es\/wp-json\/wp\/v2\/product_cat?post=32559"},{"taxonomy":"product_tag","embeddable":true,"href":"https:\/\/www.coquard.fr\/es\/wp-json\/wp\/v2\/product_tag?post=32559"}],"curies":[{"name":"wp","href":"https:\/\/api.w.org\/{rel}","templated":true}]}}