{"id":32519,"date":"2020-07-17T11:07:27","date_gmt":"2020-07-17T09:07:27","guid":{"rendered":"https:\/\/www.coquard.fr\/produit\/moule-tomme-3-5-kg-av-foncet"},"modified":"2026-01-08T15:23:44","modified_gmt":"2026-01-08T14:23:44","slug":"moule-tomme-3-5-kg-av-foncet","status":"publish","type":"product","link":"https:\/\/www.coquard.fr\/es\/produit\/moule-tomme-3-5-kg-av-foncet","title":{"rendered":"MOLDE TOMME DE PAIS 3\/5 kg CON TAPA DIAM 210 Al 140 mm"},"content":{"rendered":"<p>Molde de pl\u00e1stico alimentario para el moldeo de quesos de tipo Tomme tradicional. Con tapa, tal\u00f3n con \u00e1ngulo recto. Di\u00e1metro superior 210 mm, di\u00e1metro inferior 210 mm, altura 140 mm. Peso del queso aproximado, se proporciona a t\u00edtulo indicativo.<\/p>\n","protected":false},"excerpt":{"rendered":"<p>32519<\/p>\n","protected":false},"featured_media":25229,"comment_status":"closed","ping_status":"closed","template":"","meta":{"_acf_changed":false},"product_brand":[],"product_cat":[1597],"product_tag":[],"class_list":{"0":"post-32519","1":"product","2":"type-product","3":"status-publish","4":"has-post-thumbnail","6":"product_cat-moldes-de-plastico","8":"first","9":"onbackorder","10":"taxable","11":"shipping-taxable","12":"purchasable","13":"product-type-simple"},"acf":[],"_links":{"self":[{"href":"https:\/\/www.coquard.fr\/es\/wp-json\/wp\/v2\/product\/32519","targetHints":{"allow":["GET"]}}],"collection":[{"href":"https:\/\/www.coquard.fr\/es\/wp-json\/wp\/v2\/product"}],"about":[{"href":"https:\/\/www.coquard.fr\/es\/wp-json\/wp\/v2\/types\/product"}],"replies":[{"embeddable":true,"href":"https:\/\/www.coquard.fr\/es\/wp-json\/wp\/v2\/comments?post=32519"}],"wp:featuredmedia":[{"embeddable":true,"href":"https:\/\/www.coquard.fr\/es\/wp-json\/wp\/v2\/media\/25229"}],"wp:attachment":[{"href":"https:\/\/www.coquard.fr\/es\/wp-json\/wp\/v2\/media?parent=32519"}],"wp:term":[{"taxonomy":"product_brand","embeddable":true,"href":"https:\/\/www.coquard.fr\/es\/wp-json\/wp\/v2\/product_brand?post=32519"},{"taxonomy":"product_cat","embeddable":true,"href":"https:\/\/www.coquard.fr\/es\/wp-json\/wp\/v2\/product_cat?post=32519"},{"taxonomy":"product_tag","embeddable":true,"href":"https:\/\/www.coquard.fr\/es\/wp-json\/wp\/v2\/product_tag?post=32519"}],"curies":[{"name":"wp","href":"https:\/\/api.w.org\/{rel}","templated":true}]}}