{"id":32501,"date":"2020-07-17T11:06:55","date_gmt":"2020-07-17T09:06:55","guid":{"rendered":"https:\/\/www.coquard.fr\/produit\/moule-tomette-300-500-grs-av-foncet"},"modified":"2026-01-08T15:23:13","modified_gmt":"2026-01-08T14:23:13","slug":"moule-tomette-300-500-grs-av-foncet","status":"publish","type":"product","link":"https:\/\/www.coquard.fr\/es\/produit\/moule-tomette-300-500-grs-av-foncet","title":{"rendered":"MOLDE TOMME AUX ARTISOUS 300\/ 500 g DIAM 107 Al 124 mm"},"content":{"rendered":"<p>Molde de pl\u00e1stico alimentario para quesos de tipo Tomme aux Artisous del Alto Loira. Con tapa de presi\u00f3n. Di\u00e1metro superior 107 mm, di\u00e1metro inferior 107 mm, altura 124 mm. Peso aproximado del queso, se proporciona a t\u00edtulo indicativo.<\/p>\n","protected":false},"excerpt":{"rendered":"<p>32501<\/p>\n","protected":false},"featured_media":24818,"comment_status":"closed","ping_status":"closed","template":"","meta":{"_acf_changed":false},"product_brand":[],"product_cat":[1597],"product_tag":[],"class_list":{"0":"post-32501","1":"product","2":"type-product","3":"status-publish","4":"has-post-thumbnail","6":"product_cat-moldes-de-plastico","8":"first","9":"instock","10":"taxable","11":"shipping-taxable","12":"purchasable","13":"product-type-simple"},"acf":[],"_links":{"self":[{"href":"https:\/\/www.coquard.fr\/es\/wp-json\/wp\/v2\/product\/32501","targetHints":{"allow":["GET"]}}],"collection":[{"href":"https:\/\/www.coquard.fr\/es\/wp-json\/wp\/v2\/product"}],"about":[{"href":"https:\/\/www.coquard.fr\/es\/wp-json\/wp\/v2\/types\/product"}],"replies":[{"embeddable":true,"href":"https:\/\/www.coquard.fr\/es\/wp-json\/wp\/v2\/comments?post=32501"}],"wp:featuredmedia":[{"embeddable":true,"href":"https:\/\/www.coquard.fr\/es\/wp-json\/wp\/v2\/media\/24818"}],"wp:attachment":[{"href":"https:\/\/www.coquard.fr\/es\/wp-json\/wp\/v2\/media?parent=32501"}],"wp:term":[{"taxonomy":"product_brand","embeddable":true,"href":"https:\/\/www.coquard.fr\/es\/wp-json\/wp\/v2\/product_brand?post=32501"},{"taxonomy":"product_cat","embeddable":true,"href":"https:\/\/www.coquard.fr\/es\/wp-json\/wp\/v2\/product_cat?post=32501"},{"taxonomy":"product_tag","embeddable":true,"href":"https:\/\/www.coquard.fr\/es\/wp-json\/wp\/v2\/product_tag?post=32501"}],"curies":[{"name":"wp","href":"https:\/\/api.w.org\/{rel}","templated":true}]}}