{"id":32437,"date":"2020-07-17T11:05:09","date_gmt":"2020-07-17T09:05:09","guid":{"rendered":"https:\/\/www.coquard.fr\/produit\/moule-tomette-gouda-200grs"},"modified":"2026-01-08T15:21:16","modified_gmt":"2026-01-08T14:21:16","slug":"moule-tomette-gouda-200grs","status":"publish","type":"product","link":"https:\/\/www.coquard.fr\/es\/produit\/moule-tomette-gouda-200grs","title":{"rendered":"MOLDE BABY GOUDA 250 g CON TAP DIAM 96 ALTURA 65 mm"},"content":{"rendered":"<p>Molde para queso de pl\u00e1stico alimentario con tapa de presi\u00f3n. Molde con fondo redondeado. Di\u00e1metro superior 96 mm, di\u00e1metro inferior 96 mm, altura 65 mm. Peso aproximado, se proporcionan a t\u00edtulo indicativo.<\/p>\n","protected":false},"excerpt":{"rendered":"<p>32437<\/p>\n","protected":false},"featured_media":24707,"comment_status":"closed","ping_status":"closed","template":"","meta":{"_acf_changed":false},"product_brand":[],"product_cat":[1597],"product_tag":[],"class_list":{"0":"post-32437","1":"product","2":"type-product","3":"status-publish","4":"has-post-thumbnail","6":"product_cat-moldes-de-plastico","8":"first","9":"instock","10":"taxable","11":"shipping-taxable","12":"purchasable","13":"product-type-simple"},"acf":[],"_links":{"self":[{"href":"https:\/\/www.coquard.fr\/es\/wp-json\/wp\/v2\/product\/32437","targetHints":{"allow":["GET"]}}],"collection":[{"href":"https:\/\/www.coquard.fr\/es\/wp-json\/wp\/v2\/product"}],"about":[{"href":"https:\/\/www.coquard.fr\/es\/wp-json\/wp\/v2\/types\/product"}],"replies":[{"embeddable":true,"href":"https:\/\/www.coquard.fr\/es\/wp-json\/wp\/v2\/comments?post=32437"}],"wp:featuredmedia":[{"embeddable":true,"href":"https:\/\/www.coquard.fr\/es\/wp-json\/wp\/v2\/media\/24707"}],"wp:attachment":[{"href":"https:\/\/www.coquard.fr\/es\/wp-json\/wp\/v2\/media?parent=32437"}],"wp:term":[{"taxonomy":"product_brand","embeddable":true,"href":"https:\/\/www.coquard.fr\/es\/wp-json\/wp\/v2\/product_brand?post=32437"},{"taxonomy":"product_cat","embeddable":true,"href":"https:\/\/www.coquard.fr\/es\/wp-json\/wp\/v2\/product_cat?post=32437"},{"taxonomy":"product_tag","embeddable":true,"href":"https:\/\/www.coquard.fr\/es\/wp-json\/wp\/v2\/product_tag?post=32437"}],"curies":[{"name":"wp","href":"https:\/\/api.w.org\/{rel}","templated":true}]}}