{"id":32433,"date":"2020-07-17T11:05:03","date_gmt":"2020-07-17T09:05:03","guid":{"rendered":"https:\/\/www.coquard.fr\/produit\/moule-pate-molle-tommette"},"modified":"2026-01-08T15:21:09","modified_gmt":"2026-01-08T14:21:09","slug":"moule-pate-molle-tommette","status":"publish","type":"product","link":"https:\/\/www.coquard.fr\/es\/produit\/moule-pate-molle-tommette","title":{"rendered":"MOLDE PASTA BLANDA\/TOMETTE DIAM 110\/94 ALTURA 103 mm"},"content":{"rendered":"<p>Molde de pl\u00e1stico alimentario para el moldeo de quesos de tipo pasta blanda o Tomette (sin tapa). Perforaci\u00f3n del fondo y los lados mediante estr\u00edas horizontales. Di\u00e1metro superior 110 mm, di\u00e1metro inferior 94 mm, altura 103 mm.<\/p>\n","protected":false},"excerpt":{"rendered":"<p>32433<\/p>\n","protected":false},"featured_media":24701,"comment_status":"closed","ping_status":"closed","template":"","meta":{"_acf_changed":false},"product_brand":[],"product_cat":[1597],"product_tag":[],"class_list":{"0":"post-32433","1":"product","2":"type-product","3":"status-publish","4":"has-post-thumbnail","6":"product_cat-moldes-de-plastico","8":"first","9":"instock","10":"taxable","11":"shipping-taxable","12":"purchasable","13":"product-type-simple"},"acf":[],"_links":{"self":[{"href":"https:\/\/www.coquard.fr\/es\/wp-json\/wp\/v2\/product\/32433","targetHints":{"allow":["GET"]}}],"collection":[{"href":"https:\/\/www.coquard.fr\/es\/wp-json\/wp\/v2\/product"}],"about":[{"href":"https:\/\/www.coquard.fr\/es\/wp-json\/wp\/v2\/types\/product"}],"replies":[{"embeddable":true,"href":"https:\/\/www.coquard.fr\/es\/wp-json\/wp\/v2\/comments?post=32433"}],"wp:featuredmedia":[{"embeddable":true,"href":"https:\/\/www.coquard.fr\/es\/wp-json\/wp\/v2\/media\/24701"}],"wp:attachment":[{"href":"https:\/\/www.coquard.fr\/es\/wp-json\/wp\/v2\/media?parent=32433"}],"wp:term":[{"taxonomy":"product_brand","embeddable":true,"href":"https:\/\/www.coquard.fr\/es\/wp-json\/wp\/v2\/product_brand?post=32433"},{"taxonomy":"product_cat","embeddable":true,"href":"https:\/\/www.coquard.fr\/es\/wp-json\/wp\/v2\/product_cat?post=32433"},{"taxonomy":"product_tag","embeddable":true,"href":"https:\/\/www.coquard.fr\/es\/wp-json\/wp\/v2\/product_tag?post=32433"}],"curies":[{"name":"wp","href":"https:\/\/api.w.org\/{rel}","templated":true}]}}